{"id":273,"date":"2018-12-11T14:42:56","date_gmt":"2018-12-11T13:42:56","guid":{"rendered":"http:\/\/wp12927419.server-he.de\/gruenland\/?page_id=273"},"modified":"2019-02-15T10:45:23","modified_gmt":"2019-02-15T09:45:23","slug":"profil-bewegte-schule","status":"publish","type":"page","link":"https:\/\/gruenlandschule.de\/wordpress\/miteinander-lernen\/profil-bewegte-schule\/","title":{"rendered":"Profil \u201eBewegte Schule\u201c"},"content":{"rendered":"<div class=\"wpb-content-wrapper\"><p>[vc_row][vc_column width=&#8220;1\/6&#8243;][\/vc_column][vc_column width=&#8220;2\/3&#8243;][vc_column_text]<\/p>\n<div id=\"metaslider-id-646\" style=\"max-width: 1200px;\" class=\"ml-slider-3-105-0 metaslider metaslider-flex metaslider-646 ml-slider has-dots-nav ms-theme-default\" role=\"region\" aria-label=\"Sport\" data-height=\"450\" data-width=\"1200\">\n    <div id=\"metaslider_container_646\">\n        <div id=\"metaslider_646\">\n            <ul class='slides'>\n                <li style=\"display: block; width: 100%;\" class=\"slide-1210 ms-image \" aria-roledescription=\"slide\" data-date=\"2019-09-18 16:10:59\" data-filename=\"DWit_waveboard-5128-1200x450.jpg\" data-slide-type=\"image\"><img loading=\"lazy\" decoding=\"async\" src=\"https:\/\/gruenlandschule.de\/wordpress\/wp-content\/uploads\/2019\/09\/DWit_waveboard-5128-1200x450.jpg\" height=\"450\" width=\"1200\" alt=\"\" class=\"slider-646 slide-1210 msDefaultImage\" title=\"DWit_waveboard-5128\" \/><\/li>\n                <li style=\"display: none; width: 100%;\" class=\"slide-1211 ms-image \" aria-roledescription=\"slide\" data-date=\"2019-09-18 16:10:59\" data-filename=\"DWit_waveboard-5130-1200x450.jpg\" data-slide-type=\"image\"><img loading=\"lazy\" decoding=\"async\" src=\"https:\/\/gruenlandschule.de\/wordpress\/wp-content\/uploads\/2019\/09\/DWit_waveboard-5130-1200x450.jpg\" height=\"450\" width=\"1200\" alt=\"\" class=\"slider-646 slide-1211 msDefaultImage\" title=\"DWit_waveboard-5130\" \/><\/li>\n                <li style=\"display: none; width: 100%;\" class=\"slide-1209 ms-image \" aria-roledescription=\"slide\" data-date=\"2019-09-18 16:10:59\" data-filename=\"DWit_waveboard-5126-1200x450.jpg\" data-slide-type=\"image\"><img loading=\"lazy\" decoding=\"async\" src=\"https:\/\/gruenlandschule.de\/wordpress\/wp-content\/uploads\/2019\/09\/DWit_waveboard-5126-1200x450.jpg\" height=\"450\" width=\"1200\" alt=\"\" class=\"slider-646 slide-1209 msDefaultImage\" title=\"DWit_waveboard-5126\" \/><\/li>\n                <li style=\"display: none; width: 100%;\" class=\"slide-649 ms-image \" aria-roledescription=\"slide\" data-date=\"2019-02-04 18:49:30\" data-filename=\"Schwimmen7-800x300.jpg\" data-slide-type=\"image\"><img loading=\"lazy\" decoding=\"async\" src=\"https:\/\/gruenlandschule.de\/wordpress\/wp-content\/uploads\/2019\/02\/Schwimmen7-800x300.jpg\" height=\"450\" width=\"1200\" alt=\"\" class=\"slider-646 slide-649 msDefaultImage\" title=\"Schwimmen7\" \/><\/li>\n                <li style=\"display: none; width: 100%;\" class=\"slide-790 ms-image \" aria-roledescription=\"slide\" data-date=\"2019-02-12 09:03:08\" data-filename=\"pausenspiele_P1040572-1200x450.jpg\" data-slide-type=\"image\"><img loading=\"lazy\" decoding=\"async\" src=\"https:\/\/gruenlandschule.de\/wordpress\/wp-content\/uploads\/2019\/02\/pausenspiele_P1040572-1200x450.jpg\" height=\"450\" width=\"1200\" alt=\"\" class=\"slider-646 slide-790 msDefaultImage\" title=\"pausenspiele_P1040572\" \/><\/li>\n                <li style=\"display: none; width: 100%;\" class=\"slide-791 ms-image \" aria-roledescription=\"slide\" data-date=\"2019-02-12 09:03:08\" data-filename=\"Seile_P1040570-1200x450.jpg\" data-slide-type=\"image\"><img loading=\"lazy\" decoding=\"async\" src=\"https:\/\/gruenlandschule.de\/wordpress\/wp-content\/uploads\/2019\/02\/Seile_P1040570-1200x450.jpg\" height=\"450\" width=\"1200\" alt=\"\" class=\"slider-646 slide-791 msDefaultImage\" title=\"Seile_P1040570\" \/><\/li>\n                <li style=\"display: none; width: 100%;\" class=\"slide-793 ms-image \" aria-roledescription=\"slide\" data-date=\"2019-02-12 09:03:08\" data-filename=\"pausenspiele_P1040577-1200x450.jpg\" data-slide-type=\"image\"><img loading=\"lazy\" decoding=\"async\" src=\"https:\/\/gruenlandschule.de\/wordpress\/wp-content\/uploads\/2019\/02\/pausenspiele_P1040577-1200x450.jpg\" height=\"450\" width=\"1200\" alt=\"\" class=\"slider-646 slide-793 msDefaultImage\" title=\"pausenspiele_P1040577\" \/><\/li>\n                <li style=\"display: none; width: 100%;\" class=\"slide-795 ms-image \" aria-roledescription=\"slide\" data-date=\"2019-02-12 09:03:08\" data-filename=\"stepfitIMG_5689-1200x450.jpg\" data-slide-type=\"image\"><img loading=\"lazy\" decoding=\"async\" src=\"https:\/\/gruenlandschule.de\/wordpress\/wp-content\/uploads\/2019\/02\/stepfitIMG_5689-1200x450.jpg\" height=\"450\" width=\"1200\" alt=\"\" class=\"slider-646 slide-795 msDefaultImage\" title=\"stepfitIMG_5689\" \/><\/li>\n                <li style=\"display: none; width: 100%;\" class=\"slide-794 ms-image \" aria-roledescription=\"slide\" data-date=\"2019-02-12 09:03:08\" data-filename=\"sportfest_P1070034-1000x375.jpg\" data-slide-type=\"image\"><img loading=\"lazy\" decoding=\"async\" src=\"https:\/\/gruenlandschule.de\/wordpress\/wp-content\/uploads\/2018\/11\/sportfest_P1070034-1000x375.jpg\" height=\"450\" width=\"1200\" alt=\"\" class=\"slider-646 slide-794 msDefaultImage\" title=\"sportfest_P1070034\" \/><\/li>\n                <li style=\"display: none; width: 100%;\" class=\"slide-796 ms-image \" aria-roledescription=\"slide\" data-date=\"2019-02-12 09:03:08\" data-filename=\"hallensporttag_IMG_7910-e1549375347230-1200x450.jpg\" data-slide-type=\"image\"><img loading=\"lazy\" decoding=\"async\" src=\"https:\/\/gruenlandschule.de\/wordpress\/wp-content\/uploads\/2019\/02\/hallensporttag_IMG_7910-e1549375347230-1200x450.jpg\" height=\"450\" width=\"1200\" alt=\"\" class=\"slider-646 slide-796 msDefaultImage\" title=\"hallensporttag_IMG_7910\" \/><\/li>\n            <\/ul>\n        <\/div>\n        \n    <\/div>\n<\/div>\n<p>&nbsp;<\/p>\n<p>Die Gr\u00fcnlandschule wurde im Oktober 2003 als Grundschule mit &#8222;sport- und bewegungserzieherischem Schwerpunkt&#8220; ausgezeichnet.\u00a0Bewegung, Spiel und Sport sind zentrale Bestandteile unserer p\u00e4dagogischen Arbeit und pr\u00e4gen das Schulleben der Gr\u00fcnlandschule auf besondere Art und Weise.<\/p>\n<p><strong>Mittlerweile beteiligen sich \u00fcber 600 Schulen in Baden-W\u00fcrttemberg an diesem Projekt und die wissenschaftlichen Begleitstudien belegen die positiven Wirkungen:<\/strong><\/p>\n<p>\u2022 verbesserte Motorik<\/p>\n<p>\u2022 weniger Aggressionen<\/p>\n<p>\u2022 verbessertes Sozialverhalten<\/p>\n<p>\u2022 weniger Unf\u00e4lle<\/p>\n<p>\u2022 verbessertes Schulklima<\/p>\n<p>\u2022 besseres Lernklima<\/p>\n<p>[\/vc_column_text][\/vc_column][vc_column width=&#8220;1\/6&#8243;][\/vc_column][\/vc_row][vc_row][vc_column width=&#8220;1\/6&#8243;][vc_column_text]<!--?php echo do_shortcode('[metaslider id=\"370\"]'); ?-->[\/vc_column_text][\/vc_column][vc_column width=&#8220;2\/3&#8243;][vc_tta_accordion color=&#8220;juicy-pink&#8220; c_icon=&#8220;triangle&#8220; active_section=&#8220;1&#8243; el_id=&#8220;accordeon&#8220; el_class=&#8220;color_green accord&#8220;][vc_tta_section i_icon_fontawesome=&#8220;fa fa-magic&#8220; add_icon=&#8220;true&#8220; title=&#8220;Bewegung, Spiel und Sport&#8220; tab_id=&#8220;1543481838691-1b001401-a01e&#8220;][vc_column_text]<\/p>\n<p><strong>Bewegung, Spiel und Sport<\/strong><\/p>\n<p>Ein in m\u00f6glichst regelm\u00e4\u00dfigen Abst\u00e4nden erteilter, erfahrungsoffener Unterricht<\/p>\n<ul>\n<li>erm\u00f6glicht den Kindern viele grundlegende\u00a0k\u00f6rperliche, materiale, sinnliche und soziale Erfahrungen<\/li>\n<li>setzt regelm\u00e4\u00dfig physiologische Reize<\/li>\n<li>wirkt Bewegungsmangel entgegen<\/li>\n<li>schult koordinative und konditionelle F\u00e4higkeiten.<\/li>\n<\/ul>\n<p>Die Kompetenzen und Inhalte sind in zwei Bewegungs- und Erfahrungsfeldern abgebildet:<\/p>\n<ul>\n<li>Spielen &#8211; Spiel<\/li>\n<li>Grundformen der Bewegung<\/li>\n<\/ul>\n<p>[\/vc_column_text][\/vc_tta_section][vc_tta_section i_icon_fontawesome=&#8220;fa fa-magic&#8220; add_icon=&#8220;true&#8220; title=&#8220;Sport-Unterrichtskonzept&#8220; tab_id=&#8220;1543481838718-9833cf47-f6dd&#8220;][vc_column_text]<\/p>\n<p><strong>Unser Sport-Unterrichtskonzept an der Gr\u00fcnlandschule:<\/strong><\/p>\n<ul>\n<li>Klasse 1+2: 2h + 1h Bewegung<\/li>\n<li>Klasse 3+4: 2h + 1h Schwimmen<\/li>\n<li>Schwimmunterricht: 14-t\u00e4gig (2h)<\/li>\n<\/ul>\n<p>[\/vc_column_text][\/vc_tta_section][vc_tta_section i_icon_fontawesome=&#8220;fa fa-magic&#8220; add_icon=&#8220;true&#8220; title=&#8220;Bewegtes Schulleben&#8220; tab_id=&#8220;1544529495116-47a7d0da-395c&#8220;][vc_column_text]<\/p>\n<p><strong>Bewegtes Schulleben<\/strong><\/p>\n<p>Ein rhythmisierter Schulvormittag erm\u00f6glicht t\u00e4gliche Bewegungszeit durch<\/p>\n<ul>\n<li>Bewegungspausen<\/li>\n<li>Sportfest<\/li>\n<li>Bundesjugendspiele<\/li>\n<li>Hallensporttag<\/li>\n<li>Sportabzeichen<\/li>\n<li>Schullandheim in einem Wandergebiet<\/li>\n<li>Sport-AGs<\/li>\n<li>dynamisches Sitzen (Keilkissen)<\/li>\n<li>konzentriertes Arbeiten auch im Stehen, Knien, Liegen oder im Gehen<\/li>\n<li>bewegungsgerecht gestaltete Lernr\u00e4ume und ein Schulgel\u00e4nde, das vielf\u00e4ltige Bewegungsm\u00f6glichkeiten bietet: fest installierte Spielger\u00e4te, Niederseilparcours, Kletterwand, Balancierger\u00e4te..)<\/li>\n<li>Gegenpol zur Bewegung -&gt; Entspannungsorte: Sitzschlange \u201eTessi\u201c, Gr\u00fcnlanddorf, Gr\u00fcnes Klassenzimmer, Sitzb\u00e4nke am Schulhaus, Gr\u00fcnlanddorf<\/li>\n<li>Rollenspiele: Gr\u00fcnlanddorf<\/li>\n<li>ein Angebot anregender Spielmaterialien im Ger\u00e4tehaus (Pausenhofkisten, Pausenhofschrank, Stelzen in der Tonne)<\/li>\n<li>Fit-for-future<\/li>\n<li>Step-fit (Klasse 4)<\/li>\n<li>Teilnahme am Stadtradeln (Klasse 4)<\/li>\n<\/ul>\n<p>[\/vc_column_text][\/vc_tta_section][\/vc_tta_accordion]<\/p>\n<h1>Neues aus dem Bereich &#8222;Sport und Bewegung&#8220;<\/h1>\n<p>[vc_basic_grid post_type=&#8220;blog_post&#8220; max_items=&#8220;10&#8243; grid_id=&#8220;vc_gid:1549989801204-2e07932a-8c3c-1&#8243; taxonomies=&#8220;12&#8243;][\/vc_column][vc_column width=&#8220;1\/6&#8243;][\/vc_column][\/vc_row][vc_column width=&#8220;2\/3&#8243;][\/vc_column][vc_column width=&#8220;1\/6&#8243;][\/vc_column][vc_column width=&#8220;1\/6&#8243;][\/vc_column]<\/p>\n<\/div>","protected":false},"excerpt":{"rendered":"<p>[vc_row][vc_column width=&#8220;1\/6&#8243;][\/vc_column][vc_column width=&#8220;2\/3&#8243;][vc_column_text] &nbsp; Die Gr\u00fcnlandschule wurde im Oktober 2003 als Grundschule mit &#8222;sport- und bewegungserzieherischem Schwerpunkt&#8220; ausgezeichnet.\u00a0Bewegung, Spiel und Sport sind zentrale Bestandteile unserer p\u00e4dagogischen Arbeit und pr\u00e4gen das Schulleben der Gr\u00fcnlandschule auf besondere Art und Weise. Mittlerweile beteiligen<\/p>\n","protected":false},"author":2,"featured_media":0,"parent":16,"menu_order":0,"comment_status":"closed","ping_status":"closed","template":"","meta":{"footnotes":""},"class_list":["post-273","page","type-page","status-publish","hentry"],"_links":{"self":[{"href":"https:\/\/gruenlandschule.de\/wordpress\/wp-json\/wp\/v2\/pages\/273","targetHints":{"allow":["GET"]}}],"collection":[{"href":"https:\/\/gruenlandschule.de\/wordpress\/wp-json\/wp\/v2\/pages"}],"about":[{"href":"https:\/\/gruenlandschule.de\/wordpress\/wp-json\/wp\/v2\/types\/page"}],"author":[{"embeddable":true,"href":"https:\/\/gruenlandschule.de\/wordpress\/wp-json\/wp\/v2\/users\/2"}],"replies":[{"embeddable":true,"href":"https:\/\/gruenlandschule.de\/wordpress\/wp-json\/wp\/v2\/comments?post=273"}],"version-history":[{"count":21,"href":"https:\/\/gruenlandschule.de\/wordpress\/wp-json\/wp\/v2\/pages\/273\/revisions"}],"predecessor-version":[{"id":932,"href":"https:\/\/gruenlandschule.de\/wordpress\/wp-json\/wp\/v2\/pages\/273\/revisions\/932"}],"up":[{"embeddable":true,"href":"https:\/\/gruenlandschule.de\/wordpress\/wp-json\/wp\/v2\/pages\/16"}],"wp:attachment":[{"href":"https:\/\/gruenlandschule.de\/wordpress\/wp-json\/wp\/v2\/media?parent=273"}],"curies":[{"name":"wp","href":"https:\/\/api.w.org\/{rel}","templated":true}]}}