{"id":268,"date":"2018-12-11T14:37:30","date_gmt":"2018-12-11T13:37:30","guid":{"rendered":"http:\/\/wp12927419.server-he.de\/gruenland\/?page_id=268"},"modified":"2019-02-12T12:50:27","modified_gmt":"2019-02-12T11:50:27","slug":"aktionen-und-aktivitaeten-im-jahreslauf-evtl-woanders-zum-wie","status":"publish","type":"page","link":"https:\/\/gruenlandschule.de\/wordpress\/miteinander-leben\/aktionen-und-aktivitaeten-im-jahreslauf-evtl-woanders-zum-wie\/","title":{"rendered":"Aktionen im Jahreslauf"},"content":{"rendered":"<div class=\"wpb-content-wrapper\"><p>[vc_row][vc_column width=&#8220;1\/6&#8243;][\/vc_column][vc_column width=&#8220;2\/3&#8243;][vc_column_text]<\/p>\n<div id=\"metaslider-id-616\" style=\"max-width: 1200px;\" class=\"ml-slider-3-105-0 metaslider metaslider-flex metaslider-616 ml-slider has-dots-nav ms-theme-default\" role=\"region\" aria-label=\"Aktionen\" data-height=\"450\" data-width=\"1200\">\n    <div id=\"metaslider_container_616\">\n        <div id=\"metaslider_616\">\n            <ul class='slides'>\n                <li style=\"display: block; width: 100%;\" class=\"slide-617 ms-image \" aria-roledescription=\"slide\" data-date=\"2019-02-04 18:25:35\" data-filename=\"Schulhofaktion_DWit-1079-1200x450.jpg\" data-slide-type=\"image\"><img loading=\"lazy\" decoding=\"async\" src=\"https:\/\/gruenlandschule.de\/wordpress\/wp-content\/uploads\/2019\/02\/Schulhofaktion_DWit-1079-1200x450.jpg\" height=\"450\" width=\"1200\" alt=\"\" class=\"slider-616 slide-617 msDefaultImage\" title=\"Schulhofaktion_DWit-1079\" \/><\/li>\n                <li style=\"display: none; width: 100%;\" class=\"slide-618 ms-image \" aria-roledescription=\"slide\" data-date=\"2019-02-04 18:25:35\" data-filename=\"Schulhofaktion_DWit-0976-1200x450.jpg\" data-slide-type=\"image\"><img loading=\"lazy\" decoding=\"async\" src=\"https:\/\/gruenlandschule.de\/wordpress\/wp-content\/uploads\/2019\/02\/Schulhofaktion_DWit-0976-1200x450.jpg\" height=\"450\" width=\"1200\" alt=\"\" class=\"slider-616 slide-618 msDefaultImage\" title=\"Schulhofaktion_DWit-0976\" \/><\/li>\n                <li style=\"display: none; width: 100%;\" class=\"slide-619 ms-image \" aria-roledescription=\"slide\" data-date=\"2019-02-04 18:25:35\" data-filename=\"Schulhofaktion_DWit-1169-1200x450.jpg\" data-slide-type=\"image\"><img loading=\"lazy\" decoding=\"async\" src=\"https:\/\/gruenlandschule.de\/wordpress\/wp-content\/uploads\/2019\/02\/Schulhofaktion_DWit-1169-1200x450.jpg\" height=\"450\" width=\"1200\" alt=\"\" class=\"slider-616 slide-619 msDefaultImage\" title=\"Schulhofaktion_DWit-1169\" \/><\/li>\n                <li style=\"display: none; width: 100%;\" class=\"slide-620 ms-image \" aria-roledescription=\"slide\" data-date=\"2019-02-04 18:25:35\" data-filename=\"Schulhofaktion_DWit-1124-800x300.jpg\" data-slide-type=\"image\"><img loading=\"lazy\" decoding=\"async\" src=\"https:\/\/gruenlandschule.de\/wordpress\/wp-content\/uploads\/2019\/02\/Schulhofaktion_DWit-1124-800x300.jpg\" height=\"450\" width=\"1200\" alt=\"\" class=\"slider-616 slide-620 msDefaultImage\" title=\"Schulhofaktion_DWit-1124\" \/><\/li>\n                <li style=\"display: none; width: 100%;\" class=\"slide-621 ms-image \" aria-roledescription=\"slide\" data-date=\"2019-02-04 18:25:35\" data-filename=\"Schulhofaktion_DWit-0884-1200x450.jpg\" data-slide-type=\"image\"><img loading=\"lazy\" decoding=\"async\" src=\"https:\/\/gruenlandschule.de\/wordpress\/wp-content\/uploads\/2019\/02\/Schulhofaktion_DWit-0884-1200x450.jpg\" height=\"450\" width=\"1200\" alt=\"\" class=\"slider-616 slide-621 msDefaultImage\" title=\"Schulhofaktion_DWit-0884\" \/><\/li>\n                <li style=\"display: none; width: 100%;\" class=\"slide-622 ms-image \" aria-roledescription=\"slide\" data-date=\"2019-02-04 18:25:35\" data-filename=\"Schulhofaktion_beet_DWit-0945-800x300.jpg\" data-slide-type=\"image\"><img loading=\"lazy\" decoding=\"async\" src=\"https:\/\/gruenlandschule.de\/wordpress\/wp-content\/uploads\/2019\/02\/Schulhofaktion_beet_DWit-0945-800x300.jpg\" height=\"450\" width=\"1200\" alt=\"\" class=\"slider-616 slide-622 msDefaultImage\" title=\"Schulhofaktion_beet_DWit-0945\" \/><\/li>\n                <li style=\"display: none; width: 100%;\" class=\"slide-623 ms-image \" aria-roledescription=\"slide\" data-date=\"2019-02-04 18:25:35\" data-filename=\"Schulhofaktion_DWit-1094-1200x450.jpg\" data-slide-type=\"image\"><img loading=\"lazy\" decoding=\"async\" src=\"https:\/\/gruenlandschule.de\/wordpress\/wp-content\/uploads\/2019\/02\/Schulhofaktion_DWit-1094-1200x450.jpg\" height=\"450\" width=\"1200\" alt=\"\" class=\"slider-616 slide-623 msDefaultImage\" title=\"Schulhofaktion_DWit-1094\" \/><\/li>\n                <li style=\"display: none; width: 100%;\" class=\"slide-624 ms-image \" aria-roledescription=\"slide\" data-date=\"2019-02-04 18:25:35\" data-filename=\"Schulhofaktion_DWit-1113-800x300.jpg\" data-slide-type=\"image\"><img loading=\"lazy\" decoding=\"async\" src=\"https:\/\/gruenlandschule.de\/wordpress\/wp-content\/uploads\/2019\/02\/Schulhofaktion_DWit-1113-800x300.jpg\" height=\"450\" width=\"1200\" alt=\"\" class=\"slider-616 slide-624 msDefaultImage\" title=\"Schulhofaktion_DWit-1113\" \/><\/li>\n            <\/ul>\n        <\/div>\n        \n    <\/div>\n<\/div>\n<p>&nbsp;<\/p>\n<p><strong>1. Unsere zwei Sozialprojekte<\/strong><\/p>\n<p>In der Adventszeit unterst\u00fctzen wir eine Aktion, die Weihnachtsp\u00e4ckchen f\u00fcr bed\u00fcrftige Kinder sammelt. Genauere Informationen erhalten Sie rechtzeitig \u00fcber einen Flyer in der Postmappe Ihres Kindes.<\/p>\n<p>&nbsp;<\/p>\n<p><strong>2. Freiberger Stadtputzete<\/strong><\/p>\n<p>Die Kinder s\u00e4ubern parallel zum offiziellen Stadttermin im M\u00e4rz das Gel\u00e4nde rund um die Gr\u00fcnlandschule und die Lugaufhalle.<span class=\"Apple-converted-space\">\u00a0<\/span><\/p>\n<p>&nbsp;<\/p>\n<p><strong>3. Gr\u00fcnlandputzete<\/strong><\/p>\n<p>Es ist seit einigen Jahren eine Tradition, dass Elternhelfer 1 Mal j\u00e4hrlich im Fr\u00fchjahr ausgew\u00e4hlte Arbeiten zur Instandsetzung, Reparatur, Versch\u00f6nerung oder Neuschaffung an einem Samstagvormittag f\u00fcr unsere Schule durchf\u00fchren. Herzlichen Dank f\u00fcr dieses au\u00dfergew\u00f6hnliche Engagement!<\/p>\n<p>&nbsp;<\/p>\n<p><strong>4. Zu Fu\u00df zur Schule<\/strong><\/p>\n<p>Zu Beginn eines jeden Schuljahres nehmen wir an den Aktionstagen \u201eZu Fu\u00df zur Schule\u201c teil. Wann immer m\u00f6glich, sollten unsere Grundschulkinder zu Fu\u00df zur Schule kommen. Dabei ist<span class=\"Apple-converted-space\">\u00a0 <\/span>Zeit und der Raum gegeben f\u00fcr vielerlei Gespr\u00e4che und Kontakte. Neben dem sozialen und dem Bewegungsaspekt wird die tagt\u00e4gliche Sicherheit im Stra\u00dfenverkehr ge\u00fcbt und trainiert. Geben Sie Ihrem die Kind die Chance dazu! Der Schulwegeplan (sicherer Schulweg) wird zu Beginn eines jeden Schuljahres von der Stadt Freiberg ver\u00f6ffentlicht.<\/p>\n<p><strong>Bitte beachten Sie das absolute Halteverbot vor dem Schulgel\u00e4nde!<span class=\"Apple-converted-space\">\u00a0<\/span><\/strong><\/p>\n<p>&nbsp;<\/p>\n<p><strong>5. Frederick-Tage<\/strong><\/p>\n<p>Wir nehmen jedes Jahr an der landesweiten Aktion im Oktober teil. Die Lesetage \u00f6ffnen T\u00fcren und Einblicke in die Literatur und f\u00f6rdern Leselust und Lesefreude.<\/p>\n<p>&nbsp;<\/p>\n<p><strong>6. Tag der H\u00f6flichkeit<\/strong><\/p>\n<p>Alle Freiberger Kinderg\u00e4rten und Schulen besch\u00e4ftigen sich an einem festgelegten Tag im November mit H\u00f6flichkeit, Respekt, Toleranz und Umgangsformen.<\/p>\n<p>&nbsp;<\/p>\n<p><strong>7.<span class=\"Apple-converted-space\">\u00a0<\/span>Theaterbesuch in der Adventszeit<\/strong><\/p>\n<p>Alle Kinder der Gr\u00fcndlandschule besuchen gemeinsam ein ausgew\u00e4hltes Theaterst\u00fcck in Stuttgart oder Heilbronn.<\/p>\n<p>&nbsp;<\/p>\n<p><strong>8.<span class=\"Apple-converted-space\">\u00a0<\/span>Weihnachtsfeier<span class=\"Apple-converted-space\">\u00a0<\/span><\/strong><\/p>\n<p>f\u00fcr die gesamte Schulgemeinde, gestaltet durch die Pfarrer beider Konfessionen, Sch\u00fcler, Lehrer und Eltern aller Religionszugeh\u00f6rigkeiten (Einschulungs- und Abschlussfeier)<\/p>\n<p>&nbsp;<\/p>\n<p><strong>9. Winter-Hallensporttag<\/strong><\/p>\n<p>Die Sch\u00fcler und Sch\u00fclerinnen besuchen an diesem Tag die Wasenhalle, in der freiwillige Elternhelfer und Lehrer\/innen eine Bewegungslandschaft zu einem ausgew\u00e4hlten Motto aufgebaut haben.<span class=\"Apple-converted-space\">\u00a0<\/span><\/p>\n<p>&nbsp;<\/p>\n<p><strong>10. AG-Pr\u00e4sentation aller AG-Angebote <\/strong><\/p>\n<p>&#8230; durch die AG-Leiter f\u00fcr die gesamte Schulgemeinschaft im April (siehe Arbeitsgemeinschaften)<\/p>\n<p>&nbsp;<\/p>\n<p><strong>11. Schulfest<\/strong><\/p>\n<p>Termin wird in der Regel zu Schuljahresbeginn bekannt gegeben.<\/p>\n<p>&nbsp;<\/p>\n<p><strong>12. Schullandheimaufenthalt der 3-er Klassen<\/strong><\/p>\n<p>&nbsp;<\/p>\n<p><strong>13.<span class=\"Apple-converted-space\">\u00a0<\/span>Kooperationsbesuche Kindergarten-Grundschule im 2. Schulhalbjahr<\/strong><\/p>\n<p>&nbsp;<\/p>\n<p><strong>14.<span class=\"Apple-converted-space\">\u00a0<\/span>Bundesjugendspiele<span class=\"Apple-converted-space\">\u00a0<\/span><\/strong><\/p>\n<p>Auf dem Wasen- Sportplatz finden im Juni\/ Juli die Bundesjugenspiele f\u00fcr die Klassen 3 und 4 statt.<span class=\"Apple-converted-space\">\u00a0 <\/span>Die Erst- und Zweitkl\u00e4ssler nehmen an Geschicklichkeits- und Spielstationen teil. Die Schule ist bei dieser Veranstaltung auf freiwillige Elternhelfer angewiesen. Wir freuen uns auf Ihre Mitarbeit!<\/p>\n<p>&nbsp;<\/p>\n<p><strong>15. Kunstprojekte\u00a0<\/strong><\/p>\n<p>In der Regel unterschiedliche gibt es verschiedene Kunstprojekte\u00a0w\u00e4hrend des Schuljahres.<\/p>\n<p>&nbsp;<\/p>\n<p><strong>16. Sch\u00fclergottesdienste<\/strong><\/p>\n<p>Die Gottesdienste, die wir vor beinahe allen Ferien jeweils am vorletzten oder letzten Schultag halten, finden in der evangelischen Nikolauskirche oder in der Lugaufhalle statt. Die genauen Termine entnehmen Sie der Termin\u00fcbersicht.[\/vc_column_text]<\/p>\n<p>&nbsp;<\/p>\n<p>[vc_basic_grid post_type=&#8220;blog_post&#8220; max_items=&#8220;10&#8243; grid_id=&#8220;vc_gid:1549972149147-6851dd07-b3ed-1&#8243; taxonomies=&#8220;16, 19&#8243;][\/vc_column][vc_column width=&#8220;1\/6&#8243;][\/vc_column][\/vc_row]<\/p>\n<\/div>","protected":false},"excerpt":{"rendered":"<p>[vc_row][vc_column width=&#8220;1\/6&#8243;][\/vc_column][vc_column width=&#8220;2\/3&#8243;][vc_column_text] &nbsp; 1. Unsere zwei Sozialprojekte In der Adventszeit unterst\u00fctzen wir eine Aktion, die Weihnachtsp\u00e4ckchen f\u00fcr bed\u00fcrftige Kinder sammelt. Genauere Informationen erhalten Sie rechtzeitig \u00fcber einen Flyer in der Postmappe Ihres Kindes. &nbsp; 2. Freiberger Stadtputzete Die Kinder<\/p>\n","protected":false},"author":2,"featured_media":0,"parent":14,"menu_order":0,"comment_status":"closed","ping_status":"closed","template":"","meta":{"footnotes":""},"class_list":["post-268","page","type-page","status-publish","hentry"],"_links":{"self":[{"href":"https:\/\/gruenlandschule.de\/wordpress\/wp-json\/wp\/v2\/pages\/268","targetHints":{"allow":["GET"]}}],"collection":[{"href":"https:\/\/gruenlandschule.de\/wordpress\/wp-json\/wp\/v2\/pages"}],"about":[{"href":"https:\/\/gruenlandschule.de\/wordpress\/wp-json\/wp\/v2\/types\/page"}],"author":[{"embeddable":true,"href":"https:\/\/gruenlandschule.de\/wordpress\/wp-json\/wp\/v2\/users\/2"}],"replies":[{"embeddable":true,"href":"https:\/\/gruenlandschule.de\/wordpress\/wp-json\/wp\/v2\/comments?post=268"}],"version-history":[{"count":19,"href":"https:\/\/gruenlandschule.de\/wordpress\/wp-json\/wp\/v2\/pages\/268\/revisions"}],"predecessor-version":[{"id":830,"href":"https:\/\/gruenlandschule.de\/wordpress\/wp-json\/wp\/v2\/pages\/268\/revisions\/830"}],"up":[{"embeddable":true,"href":"https:\/\/gruenlandschule.de\/wordpress\/wp-json\/wp\/v2\/pages\/14"}],"wp:attachment":[{"href":"https:\/\/gruenlandschule.de\/wordpress\/wp-json\/wp\/v2\/media?parent=268"}],"curies":[{"name":"wp","href":"https:\/\/api.w.org\/{rel}","templated":true}]}}