{"id":266,"date":"2018-12-11T14:36:08","date_gmt":"2018-12-11T13:36:08","guid":{"rendered":"http:\/\/wp12927419.server-he.de\/gruenland\/?page_id=266"},"modified":"2019-02-18T16:21:16","modified_gmt":"2019-02-18T15:21:16","slug":"frueher-einmal","status":"publish","type":"page","link":"https:\/\/gruenlandschule.de\/wordpress\/miteinander-leben\/frueher-einmal\/","title":{"rendered":"Fr\u00fcher einmal"},"content":{"rendered":"<div class=\"wpb-content-wrapper\"><p>[vc_row][vc_column width=&#8220;1\/6&#8243;][\/vc_column][vc_column width=&#8220;2\/3&#8243;][vc_column_text]<div id=\"metaslider-id-948\" style=\"max-width: 1200px;\" class=\"ml-slider-3-105-0 metaslider metaslider-flex metaslider-948 ml-slider has-dots-nav ms-theme-default\" role=\"region\" aria-label=\"fr\u00fcher einmal\" data-height=\"450\" data-width=\"1200\">\n    <div id=\"metaslider_container_948\">\n        <div id=\"metaslider_948\">\n            <ul class='slides'>\n                <li style=\"display: block; width: 100%;\" class=\"slide-965 ms-image \" aria-roledescription=\"slide\" data-date=\"2019-02-18 16:18:43\" data-filename=\"DWit_mosaik-1688.jpg\" data-slide-type=\"image\"><img loading=\"lazy\" decoding=\"async\" src=\"https:\/\/gruenlandschule.de\/wordpress\/wp-content\/uploads\/2019\/02\/DWit_mosaik-1688.jpg\" height=\"450\" width=\"1200\" alt=\"\" class=\"slider-948 slide-965 msDefaultImage\" title=\"DWit_mosaik-1688\" \/><\/li>\n                <li style=\"display: none; width: 100%;\" class=\"slide-976 ms-image \" aria-roledescription=\"slide\" data-date=\"2019-02-18 16:18:44\" data-filename=\"DWit_mosaik-1721.jpg\" data-slide-type=\"image\"><img loading=\"lazy\" decoding=\"async\" src=\"https:\/\/gruenlandschule.de\/wordpress\/wp-content\/uploads\/2019\/02\/DWit_mosaik-1721.jpg\" height=\"450\" width=\"1200\" alt=\"\" class=\"slider-948 slide-976 msDefaultImage\" title=\"DWit_mosaik-1721\" \/><\/li>\n                <li style=\"display: none; width: 100%;\" class=\"slide-966 ms-image \" aria-roledescription=\"slide\" data-date=\"2019-02-18 16:18:43\" data-filename=\"DWit_mosaik-1690.jpg\" data-slide-type=\"image\"><img loading=\"lazy\" decoding=\"async\" src=\"https:\/\/gruenlandschule.de\/wordpress\/wp-content\/uploads\/2019\/02\/DWit_mosaik-1690.jpg\" height=\"450\" width=\"1200\" alt=\"\" class=\"slider-948 slide-966 msDefaultImage\" title=\"DWit_mosaik-1690\" \/><\/li>\n                <li style=\"display: none; width: 100%;\" class=\"slide-967 ms-image \" aria-roledescription=\"slide\" data-date=\"2019-02-18 16:18:44\" data-filename=\"DWit_mosaik-1691.jpg\" data-slide-type=\"image\"><img loading=\"lazy\" decoding=\"async\" src=\"https:\/\/gruenlandschule.de\/wordpress\/wp-content\/uploads\/2019\/02\/DWit_mosaik-1691.jpg\" height=\"450\" width=\"1200\" alt=\"\" class=\"slider-948 slide-967 msDefaultImage\" title=\"DWit_mosaik-1691\" \/><\/li>\n                <li style=\"display: none; width: 100%;\" class=\"slide-977 ms-image \" aria-roledescription=\"slide\" data-date=\"2019-02-18 16:18:44\" data-filename=\"DWit_mosaik-1722.jpg\" data-slide-type=\"image\"><img loading=\"lazy\" decoding=\"async\" src=\"https:\/\/gruenlandschule.de\/wordpress\/wp-content\/uploads\/2019\/02\/DWit_mosaik-1722.jpg\" height=\"450\" width=\"1200\" alt=\"\" class=\"slider-948 slide-977 msDefaultImage\" title=\"DWit_mosaik-1722\" \/><\/li>\n                <li style=\"display: none; width: 100%;\" class=\"slide-968 ms-image \" aria-roledescription=\"slide\" data-date=\"2019-02-18 16:18:44\" data-filename=\"DWit_mosaik-1694.jpg\" data-slide-type=\"image\"><img loading=\"lazy\" decoding=\"async\" src=\"https:\/\/gruenlandschule.de\/wordpress\/wp-content\/uploads\/2019\/02\/DWit_mosaik-1694.jpg\" height=\"450\" width=\"1200\" alt=\"\" class=\"slider-948 slide-968 msDefaultImage\" title=\"DWit_mosaik-1694\" \/><\/li>\n                <li style=\"display: none; width: 100%;\" class=\"slide-969 ms-image \" aria-roledescription=\"slide\" data-date=\"2019-02-18 16:18:44\" data-filename=\"DWit_mosaik-1702.jpg\" data-slide-type=\"image\"><img loading=\"lazy\" decoding=\"async\" src=\"https:\/\/gruenlandschule.de\/wordpress\/wp-content\/uploads\/2019\/02\/DWit_mosaik-1702.jpg\" height=\"450\" width=\"1200\" alt=\"\" class=\"slider-948 slide-969 msDefaultImage\" title=\"DWit_mosaik-1702\" \/><\/li>\n                <li style=\"display: none; width: 100%;\" class=\"slide-970 ms-image \" aria-roledescription=\"slide\" data-date=\"2019-02-18 16:18:44\" data-filename=\"DWit_mosaik-1703.jpg\" data-slide-type=\"image\"><img loading=\"lazy\" decoding=\"async\" src=\"https:\/\/gruenlandschule.de\/wordpress\/wp-content\/uploads\/2019\/02\/DWit_mosaik-1703.jpg\" height=\"450\" width=\"1200\" alt=\"\" class=\"slider-948 slide-970 msDefaultImage\" title=\"DWit_mosaik-1703\" \/><\/li>\n                <li style=\"display: none; width: 100%;\" class=\"slide-971 ms-image \" aria-roledescription=\"slide\" data-date=\"2019-02-18 16:18:44\" data-filename=\"DWit_mosaik-1704.jpg\" data-slide-type=\"image\"><img loading=\"lazy\" decoding=\"async\" src=\"https:\/\/gruenlandschule.de\/wordpress\/wp-content\/uploads\/2019\/02\/DWit_mosaik-1704.jpg\" height=\"450\" width=\"1200\" alt=\"\" class=\"slider-948 slide-971 msDefaultImage\" title=\"DWit_mosaik-1704\" \/><\/li>\n                <li style=\"display: none; width: 100%;\" class=\"slide-972 ms-image \" aria-roledescription=\"slide\" data-date=\"2019-02-18 16:18:44\" data-filename=\"DWit_mosaik-1707.jpg\" data-slide-type=\"image\"><img loading=\"lazy\" decoding=\"async\" src=\"https:\/\/gruenlandschule.de\/wordpress\/wp-content\/uploads\/2019\/02\/DWit_mosaik-1707.jpg\" height=\"450\" width=\"1200\" alt=\"\" class=\"slider-948 slide-972 msDefaultImage\" title=\"DWit_mosaik-1707\" \/><\/li>\n                <li style=\"display: none; width: 100%;\" class=\"slide-978 ms-image \" aria-roledescription=\"slide\" data-date=\"2019-02-18 16:18:44\" data-filename=\"DWit_mosaik-1726.jpg\" data-slide-type=\"image\"><img loading=\"lazy\" decoding=\"async\" src=\"https:\/\/gruenlandschule.de\/wordpress\/wp-content\/uploads\/2019\/02\/DWit_mosaik-1726.jpg\" height=\"450\" width=\"1200\" alt=\"\" class=\"slider-948 slide-978 msDefaultImage\" title=\"DWit_mosaik-1726\" \/><\/li>\n                <li style=\"display: none; width: 100%;\" class=\"slide-973 ms-image \" aria-roledescription=\"slide\" data-date=\"2019-02-18 16:18:44\" data-filename=\"DWit_mosaik-1708.jpg\" data-slide-type=\"image\"><img loading=\"lazy\" decoding=\"async\" src=\"https:\/\/gruenlandschule.de\/wordpress\/wp-content\/uploads\/2019\/02\/DWit_mosaik-1708.jpg\" height=\"450\" width=\"1200\" alt=\"\" class=\"slider-948 slide-973 msDefaultImage\" title=\"DWit_mosaik-1708\" \/><\/li>\n                <li style=\"display: none; width: 100%;\" class=\"slide-975 ms-image \" aria-roledescription=\"slide\" data-date=\"2019-02-18 16:18:44\" data-filename=\"DWit_mosaik-1715.jpg\" data-slide-type=\"image\"><img loading=\"lazy\" decoding=\"async\" src=\"https:\/\/gruenlandschule.de\/wordpress\/wp-content\/uploads\/2019\/02\/DWit_mosaik-1715.jpg\" height=\"450\" width=\"1200\" alt=\"\" class=\"slider-948 slide-975 msDefaultImage\" title=\"DWit_mosaik-1715\" \/><\/li>\n                <li style=\"display: none; width: 100%;\" class=\"slide-974 ms-image \" aria-roledescription=\"slide\" data-date=\"2019-02-18 16:18:44\" data-filename=\"DWit_mosaik-1711.jpg\" data-slide-type=\"image\"><img loading=\"lazy\" decoding=\"async\" src=\"https:\/\/gruenlandschule.de\/wordpress\/wp-content\/uploads\/2019\/02\/DWit_mosaik-1711.jpg\" height=\"450\" width=\"1200\" alt=\"\" class=\"slider-948 slide-974 msDefaultImage\" title=\"DWit_mosaik-1711\" \/><\/li>\n            <\/ul>\n        <\/div>\n        \n    <\/div>\n<\/div>\n<p>&nbsp;<\/p>\n<p>&nbsp;<\/p>\n<p>Anl\u00e4sslich unseres 50-j\u00e4hrigen Jubil\u00e4ums im Jahr 2007 haben wir in einer besonderen Jubil\u00e4umsfeier im Prisma der Stadt Freiberg 50 Jahre Schul- und Ortsgeschichte durch unsere Sch\u00fcler lebendig werden lassen.<\/p>\n<p>&nbsp;<\/p>\n<p><strong>Ein kleiner Einblick in unsere Schul-Geschichte:<\/strong><\/p>\n<table style=\"height: 736px; width: 99.31859999999999%; border-style: hidden;\" border=\"0px none\" cellpadding=\"10\">\n<tbody>\n<tr style=\"height: 24px;\">\n<td style=\"width: 12.87614400440044%; vertical-align: top; border: 0px none; height: 24px;\"><strong>2019<\/strong><\/td>\n<td style=\"width: 86.44245599559956%; border: 0px none; height: 24px;\">Anlegen von vier Hochbeeten durch die Kooperation mit dem Schulprojekt Garten, gef\u00f6rdert durch das Land Baden-W\u00fcrttemberg<\/td>\n<\/tr>\n<tr style=\"height: 24px;\">\n<td style=\"width: 12.87614400440044%; vertical-align: top; border: 0px none; height: 24px;\"><strong>2018<\/strong><\/td>\n<td style=\"width: 86.44245599559956%; border: 0px none; height: 24px;\">Neuausstattung des Computerraums mit 10 Laptops und Drucker,\u00a0Installierung von Nahdistanzbeamern in zwei Klassenzimmern und Ausstattung der meisten Klassenzimmer mit Dokumentenkameras<\/td>\n<\/tr>\n<tr>\n<td style=\"width: 12.87614400440044%; vertical-align: top; border: 0px none;\"><strong>2015<\/strong><\/td>\n<td style=\"width: 86.44245599559956%; border: 0px none;\">Anschaffung von 20 Ipads zum Arbeiten mit den Sch\u00fclern, ein MacBook zur Arbeit und Verwaltung der Ipads f\u00fcr die Lehrer, vier Medienw\u00e4gen mit Beamern: Die Gr\u00fcnlandschule Freiberg ist eine der ersten Schulen im Landkreis Ludwigsburg, die in den Klassen mit ipads arbeitet.<\/td>\n<\/tr>\n<tr style=\"height: 24px;\">\n<td style=\"width: 12.87614400440044%; vertical-align: top; border: 0px none; height: 24px;\"><strong>2015<\/strong><\/td>\n<td style=\"width: 86.44245599559956%; border: 0px none; height: 24px;\">Die neuen Werkr\u00e4ume im alten Lehrerhaus sind fertiggestellt.<\/td>\n<\/tr>\n<tr style=\"height: 24px;\">\n<td style=\"width: 12.87614400440044%; vertical-align: top; border: 0px none; height: 24px;\"><strong>2013<\/strong><\/td>\n<td style=\"width: 86.44245599559956%; border: 0px none; height: 24px;\">Wir gehen mit unserem Lerntagebuch \u201eMein gr\u00fcner Faden\u201c neue Wege.<\/td>\n<\/tr>\n<tr style=\"height: 24px;\">\n<td style=\"width: 12.87614400440044%; vertical-align: top; border: 0px none; height: 24px;\"><strong>2013<\/strong><\/td>\n<td style=\"width: 86.44245599559956%; border: 0px none; height: 24px;\">wird im alten Lehrerhaus oberhalb des Schulhofes ein weiteres Klassenzimmer eingerichtet.<\/td>\n<\/tr>\n<tr style=\"height: 48px;\">\n<td style=\"width: 12.87614400440044%; height: 48px; vertical-align: top; border: 0px none;\"><strong>2012<\/strong><\/td>\n<td style=\"width: 86.44245599559956%; height: 48px; border: 0px none;\">Eine gro\u00dfe Kletterwand konnte im Seitenbereich des Nebenhauses angebracht werden. Ein neues Ger\u00e4tehaus f\u00fcr die Pausenhofkisten und Pausenspielger\u00e4te wurde in Kooperation Eltern\/ Lehrern und der Berufsschule Ludwigsburg errichtet.<\/td>\n<\/tr>\n<tr style=\"height: 24px;\">\n<td style=\"width: 12.87614400440044%; height: 24px; vertical-align: top; border: 0px none;\"><strong>2012<\/strong><\/td>\n<td style=\"width: 86.44245599559956%; height: 24px; border: 0px none;\">Unser Containerdorf mit Innenhof entsteht f\u00fcr Kernzeit- und Ganztagesbetreuungsangebote, ausgeweitete Betreuungszeiten und mehr Raum f\u00fcr die gestiegene Nachfrage nach Betreuungszeiten au\u00dferhalb der t\u00e4glich verl\u00e4sslichen Grundschulzeit.<\/td>\n<\/tr>\n<tr style=\"height: 24px;\">\n<td style=\"width: 12.87614400440044%; height: 24px; vertical-align: top; border: 0px none;\"><strong>2011\/2012<\/strong><\/td>\n<td style=\"width: 86.44245599559956%; height: 24px; border: 0px none;\">Die Gr\u00fcnlandschule gewinnt den Wettbewerb \u2018KunstKlasse\u2019 der Stiftung Ravensburger Verlag Dadurch entstand in Kooperation mit vielen Helfern, Firmen, Unternehmen, getragen von allen Klassen und der gesamten Schule, neue Bewegungs- Ruhe- und Kunstinseln auf dem Schulgel\u00e4nde, f\u00fcr mehr Bewegung, Kommunikation und Kunst. Eine besondere Auszeichnung f\u00fcr unser weiteres Standbein: Kunst.<\/td>\n<\/tr>\n<tr style=\"height: 24px;\">\n<td style=\"width: 12.87614400440044%; height: 24px; vertical-align: top; border: 0px none;\"><strong>2010<\/strong><\/td>\n<td style=\"width: 86.44245599559956%; height: 24px; border: 0px none;\">Qualit\u00e4tssiegel \u201cQZS\u201d ( Qualit\u00e4tszentrierte Schulentwicklung) f\u00fcr erfolgreiche und nachhaltige Schulentwicklung, in Zusammenarbeit mit der Landesarbeitsgemeinschaft SchuleWirtschaft Baden-W\u00fcrttemberg und der MTO \u2013 Psychologische Forschung und Beratung GmbH.<\/td>\n<\/tr>\n<tr style=\"height: 24px;\">\n<td style=\"width: 12.87614400440044%; height: 24px; vertical-align: top; border: 0px none;\"><strong>2008<\/strong><\/td>\n<td style=\"width: 86.44245599559956%; height: 24px; border: 0px none;\">richtet die Gr\u00fcnlandschule mit Unterst\u00fctzung einer Werkrealschule und deren aussortierten Werkb\u00e4nken einen kleinen Werkraum in der dazugeh\u00f6rigen Garage der Schule ein.<\/td>\n<\/tr>\n<tr style=\"height: 48px;\">\n<td style=\"width: 12.87614400440044%; height: 48px; vertical-align: top; border: 0px none;\"><strong>2007-2011<\/strong><\/td>\n<td style=\"width: 86.44245599559956%; height: 48px; border: 0px none;\">ist an der Gr\u00fcnlandschule eine \u201eAu\u00dfenklasse\u201c mit der Sprachheilschule\/F\u00f6rderschule Ludwigsburg eingerichtet, Sprachheilsch\u00fcler und Gr\u00fcnlandsch\u00fcler werden gemeinsam durch 2 Lehrerinnen unterrichtet.<\/td>\n<\/tr>\n<tr style=\"height: 24px;\">\n<td style=\"width: 12.87614400440044%; height: 24px; vertical-align: top; border: 0px none;\"><strong>2005<\/strong><\/td>\n<td style=\"width: 86.44245599559956%; height: 24px; border: 0px none;\">werden die Sch\u00fclerarbeitspl\u00e4tze auf den Fluren eingerichtet.<\/td>\n<\/tr>\n<tr style=\"height: 24px;\">\n<td style=\"width: 12.87614400440044%; height: 24px; vertical-align: top; border: 0px none;\"><b>2004\/2005<\/b><\/td>\n<td style=\"width: 86.44245599559956%; height: 24px; border: 0px none;\">richtet die Schule mit Hilfe der Stadt Freiberg im ehemaligen \u00f6ffentlichen Waschraum eine kleine \u2013 aber feine \u2013 Schulk\u00fcche ein.<\/td>\n<\/tr>\n<tr style=\"height: 24px;\">\n<td style=\"width: 12.87614400440044%; height: 24px; vertical-align: top; border: 0px none;\"><b>\u00a0seit 2004<\/b><\/td>\n<td style=\"width: 86.44245599559956%; height: 24px; border: 0px none;\">kommen immer neue Bewegungs- und Ruheinseln hinzu.<\/td>\n<\/tr>\n<tr style=\"height: 24px;\">\n<td style=\"width: 12.87614400440044%; height: 24px; border-color: #ffffff; background-color: #ffffff;\"><strong>2003\/2004<\/strong><\/td>\n<td style=\"width: 86.44245599559956%; height: 24px; border: 0px none;\">bekommt die Gr\u00fcnlandschule ihren ersten Computerraum eingerichtet, mit insgesamt 10 Sch\u00fclerpl\u00e4tzen.<\/td>\n<\/tr>\n<tr style=\"height: 48px;\">\n<td style=\"width: 12.87614400440044%; height: 43px; vertical-align: top; border: 0px none;\"><b>2003<\/b><\/td>\n<td style=\"width: 86.44245599559956%; height: 43px; border: 0px none;\"><strong>Auszeichnung als \u201eSchule mit sport- und bewegungserzieherischen Schwerpunkt\u201c mit bewegungsfreundichem Schulhof.<\/strong><\/td>\n<\/tr>\n<tr style=\"height: 24px;\">\n<td style=\"width: 12.87614400440044%; height: 19px; vertical-align: top; border: 0px none;\"><b>2002\/2003\u00a0<\/b><\/td>\n<td style=\"width: 86.44245599559956%; height: 19px; border: 0px none;\">Neugestaltung des Schulhofs als Bewegungsraum, ausgerichtet auf einen unserer Schwerpunkte.<\/td>\n<\/tr>\n<tr style=\"height: 48px;\">\n<td style=\"width: 12.87614400440044%; height: 43px; vertical-align: top; border: 0px none;\"><b>1999<\/b><\/td>\n<td style=\"width: 86.44245599559956%; height: 43px; border: 0px none;\">wird der Hauptbau durch einen kleinen Anbau erweitert, mit Verwaltungs- und Lehrerr\u00e4umen, sowie 2 Klassen- und einem Gruppenraum.<\/td>\n<\/tr>\n<tr style=\"height: 48px;\">\n<td style=\"width: 12.87614400440044%; height: 28px; vertical-align: top; border: 0px none;\"><b>ab 1998\u00a0<\/b><\/td>\n<td style=\"width: 86.44245599559956%; height: 28px; border: 0px none;\">gibt es eine Konrektorin, denn die Sch\u00fclerzahlen sind deutlich gestiegen.<\/td>\n<\/tr>\n<tr style=\"height: 72px;\">\n<td style=\"width: 12.87614400440044%; height: 16px; vertical-align: top; border: 0px none;\"><b>1983<\/b><\/td>\n<td style=\"width: 86.44245599559956%; height: 16px; border: 0px none;\">erh\u00e4lt die Schule eine Pausenhof\u00fcberdachung.<\/td>\n<\/tr>\n<tr style=\"height: 96px;\">\n<td style=\"width: 12.87614400440044%; height: 41px; vertical-align: top; border: 0px none;\"><b>1973\u00a0<\/b><\/td>\n<td style=\"width: 86.44245599559956%; height: 41px; border: 0px none;\">wird der Neubau eingeweiht, Hauptbau und Neubau-Nebenhaus umrahmen nun den dazwischenliegenden Schulhof.<\/td>\n<\/tr>\n<tr style=\"height: 72px;\">\n<td style=\"width: 12.87614400440044%; height: 34px; vertical-align: top; border: 0px none;\"><b>1970\u00a0<\/b><\/td>\n<td style=\"width: 86.44245599559956%; height: 34px; border-style: hidden;\">zieht die Sonderschule ein, die Gr\u00fcnlandschule w\u00e4chst, schon wieder herrscht Platzmangel.<\/td>\n<\/tr>\n<tr style=\"height: 72px;\">\n<td style=\"width: 12.87614400440044%; height: 32px; vertical-align: top; border: 0px none;\"><strong>1957<\/strong><\/td>\n<td style=\"width: 86.44245599559956%; height: 32px; border-style: hidden;\">Die Gr\u00fcnlandschule wird eingeweiht, nachdem f\u00fcr 110 Sch\u00fcler der Klassen 1-8 und 2 Lehrer die beiden Klassenzimmer im \u201cUnteren Schlosshof\u201d doch zu eng geworden waren.<\/td>\n<\/tr>\n<tr style=\"height: 24px;\">\n<td style=\"width: 12.87614400440044%; height: 24px; vertical-align: top; border: 0px none;\"><\/td>\n<td style=\"width: 86.44245599559956%; height: 24px; border: 0px none;\"><\/td>\n<\/tr>\n<\/tbody>\n<\/table>\n<p>&nbsp;<\/p>\n<h1 style=\"text-align: center;\">\u201eWer Ideen hat\u00a0ist stark,<br \/>\ndoch wer Ideale hat,<br \/>\nist unbezwingbar.\u201c<\/h1>\n<p style=\"text-align: center;\">(Jose Narosky)[\/vc_column_text][\/vc_column][vc_column width=&#8220;1\/6&#8243;][\/vc_column][\/vc_row]<\/p>\n<\/div>","protected":false},"excerpt":{"rendered":"<p>[vc_row][vc_column width=&#8220;1\/6&#8243;][\/vc_column][vc_column width=&#8220;2\/3&#8243;][vc_column_text] &nbsp; &nbsp; Anl\u00e4sslich unseres 50-j\u00e4hrigen Jubil\u00e4ums im Jahr 2007 haben wir in einer besonderen Jubil\u00e4umsfeier im Prisma der Stadt Freiberg 50 Jahre Schul- und Ortsgeschichte durch unsere Sch\u00fcler lebendig werden lassen. &nbsp; Ein kleiner Einblick in unsere<\/p>\n","protected":false},"author":2,"featured_media":0,"parent":14,"menu_order":0,"comment_status":"closed","ping_status":"closed","template":"","meta":{"footnotes":""},"class_list":["post-266","page","type-page","status-publish","hentry"],"_links":{"self":[{"href":"https:\/\/gruenlandschule.de\/wordpress\/wp-json\/wp\/v2\/pages\/266","targetHints":{"allow":["GET"]}}],"collection":[{"href":"https:\/\/gruenlandschule.de\/wordpress\/wp-json\/wp\/v2\/pages"}],"about":[{"href":"https:\/\/gruenlandschule.de\/wordpress\/wp-json\/wp\/v2\/types\/page"}],"author":[{"embeddable":true,"href":"https:\/\/gruenlandschule.de\/wordpress\/wp-json\/wp\/v2\/users\/2"}],"replies":[{"embeddable":true,"href":"https:\/\/gruenlandschule.de\/wordpress\/wp-json\/wp\/v2\/comments?post=266"}],"version-history":[{"count":34,"href":"https:\/\/gruenlandschule.de\/wordpress\/wp-json\/wp\/v2\/pages\/266\/revisions"}],"predecessor-version":[{"id":981,"href":"https:\/\/gruenlandschule.de\/wordpress\/wp-json\/wp\/v2\/pages\/266\/revisions\/981"}],"up":[{"embeddable":true,"href":"https:\/\/gruenlandschule.de\/wordpress\/wp-json\/wp\/v2\/pages\/14"}],"wp:attachment":[{"href":"https:\/\/gruenlandschule.de\/wordpress\/wp-json\/wp\/v2\/media?parent=266"}],"curies":[{"name":"wp","href":"https:\/\/api.w.org\/{rel}","templated":true}]}}