{"id":261,"date":"2018-12-11T14:35:24","date_gmt":"2018-12-11T13:35:24","guid":{"rendered":"http:\/\/wp12927419.server-he.de\/gruenland\/?page_id=261"},"modified":"2022-09-16T11:01:40","modified_gmt":"2022-09-16T09:01:40","slug":"schulsozialarbeit","status":"publish","type":"page","link":"https:\/\/gruenlandschule.de\/wordpress\/miteinander-leben\/schulsozialarbeit\/","title":{"rendered":"Schulsozialarbeit"},"content":{"rendered":"<div class=\"wpb-content-wrapper\"><p>[vc_row][vc_column width=&#8220;1\/6&#8243;][\/vc_column][vc_column width=&#8220;2\/3&#8243;][vc_column_text]<\/p>\n<p><img loading=\"lazy\" decoding=\"async\" class=\"alignnone wp-image-562\" src=\"http:\/\/gruenlandschule.de\/wordpress\/wp-content\/uploads\/2019\/02\/Schulsozialarbeit_who-300x157.jpg\" alt=\"Schulsozialarbeit Team\" width=\"300\" height=\"157\" srcset=\"https:\/\/gruenlandschule.de\/wordpress\/wp-content\/uploads\/2019\/02\/Schulsozialarbeit_who-300x157.jpg 300w, https:\/\/gruenlandschule.de\/wordpress\/wp-content\/uploads\/2019\/02\/Schulsozialarbeit_who-574x300.jpg 574w, https:\/\/gruenlandschule.de\/wordpress\/wp-content\/uploads\/2019\/02\/Schulsozialarbeit_who.jpg 735w\" sizes=\"auto, (max-width: 300px) 100vw, 300px\" \/><img loading=\"lazy\" decoding=\"async\" class=\"alignnone wp-image-560\" src=\"http:\/\/gruenlandschule.de\/wordpress\/wp-content\/uploads\/2019\/02\/schulsozialarbeit_leine-300x105.jpg\" alt=\"\" width=\"448\" height=\"157\" srcset=\"https:\/\/gruenlandschule.de\/wordpress\/wp-content\/uploads\/2019\/02\/schulsozialarbeit_leine-300x105.jpg 300w, https:\/\/gruenlandschule.de\/wordpress\/wp-content\/uploads\/2019\/02\/schulsozialarbeit_leine.jpg 588w\" sizes=\"auto, (max-width: 448px) 100vw, 448px\" \/><\/p>\n<p><strong>Schulsozialarbeit der Stadt Freiberg am Neckar<\/strong><\/p>\n<p>\u201eEin zentrales Bed\u00fcrfnis aller Sch\u00fclerinnen und Sch\u00fcler ist es, die Schule als einen Ort zu erfahren, an dem man anerkannt, respektiert, gefordert und gef\u00f6rdert wird. Probleme, kleine und gro\u00dfe Krisen oder Konflikte geh\u00f6ren zum Aufwachsen dazu.<span class=\"Apple-converted-space\">\u00a0<\/span><\/p>\n<p>Wir als Schulsozialarbeit m\u00f6chten gemeinsam mit Eltern, Lehrkr\u00e4ften und anderen Helfern unsere Sch\u00fcler und Sch\u00fclerinnen darin st\u00fctzen, mit verschiedenen Situationen umzugehen und gest\u00e4rkt aus ihnen hervorzugehen.\u201c<\/p>\n<p><strong>Soziales Lernen f\u00fcr Schulklassen<span class=\"Apple-converted-space\">\u00a0<\/span><\/strong><\/p>\n<p>Seit dem Schuljahr 14\/15 konnte die Schulsozialarbeit ihre Arbeit in den Grundschulen ausweiten. Die Gr\u00fcnlandschule hat gemeinsam mit der Schulsozialarbeit ein Konzept im Bereich des Sozialen Lernens entwickelt, das aus erlebnisp\u00e4dagogischen Angeboten und Sozialtrainings besteht. Sch\u00fclerinnen und Sch\u00fcler sollen in ihrer sozialen Kompetenz zus\u00e4tzlich gest\u00e4rkt werden. Die Angebote der Schulsozialarbeit im Arbeitsfeld Soziales Lernen werden in Absprache mit der Schule im zeitlichen Rahmen des Schulunterrichts durchgef\u00fchrt. Sie erg\u00e4nzen die Arbeit der Schule.<\/p>\n<p><strong><span class=\"Apple-converted-space\">\u00a0<\/span>Beratungsstelle f\u00fcr Sch\u00fcler, Eltern und Lehrer<\/strong><\/p>\n<p>Die Schulsozialarbeit bietet in der Gr\u00fcnlandschule Beratung und Einzelhilfe f\u00fcr Sch\u00fcler, Eltern und Lehrkr\u00e4fte an. Das Angebot beruht auf Freiwilligkeit. Beratungen finden in einem vertraulichen Rahmen und verschwiegen statt. Gespr\u00e4chsanl\u00e4sse k\u00f6nnen sehr unterschiedlich sein. Beispielsweise soziales oder emotionales Problemverhalten, anhaltende Traurigkeit oder Unzufriedenheit mit sich selbst, Schulvermeidungsverhalten, Konflikte im Zusammenarbeiten mit Lehrkr\u00e4ften und Mitsch\u00fcler\/innen, Konflikte im Zusammenleben in der Klasse, in der Gruppe Gleichaltriger oder in der Familie.<span class=\"Apple-converted-space\">\u00a0<\/span><\/p>\n<p><strong>Sch\u00fclerinnen und Sch\u00fcler &#8230;<\/strong><\/p>\n<p>&#8230; k\u00f6nnen sich an die Schulsozialarbeit wenden, wenn sie das Gef\u00fchl haben, dass sie unfair behandelt werden, gemobbt, ausgegrenzt, beleidigt oder geschlagen werden, sie keiner mag, das Leben keinen Spa\u00df mehr macht, sie oft traurig oder w\u00fctend sind, zu Hause oder in der Schule nicht mehr klarkommen und es Stress und \u00c4rger gibt.<\/p>\n<p><strong>Wenn sich Eltern &#8230;<\/strong><\/p>\n<p>&#8230; um ihr Kind in der Schule Sorgen machen, sie Tipps und Anregungen f\u00fcr dessen Begleitung und Erziehung brauchen oder Antworten suchen, ber\u00e4t die Schulsozialarbeit Eltern auf dem Weg des Verstehens. Zus\u00e4tzlich wird als Unterst\u00fctzung Vernetzung mit Lehrkr\u00e4ften und anderen Helfern angeboten.<\/p>\n<p>&nbsp;<\/p>\n<p><strong>Kontakt nach telefonischer Vereinbarung:<span class=\"Apple-converted-space\">\u00a0<\/span><\/strong><\/p>\n<p>Sarah Angst<br \/>\nElia Weberruss<\/p>\n<p class=\"bodytext\"><b><\/b>Marktplatz 3<br \/>\n71691 Freiberg am Neckar<br \/>\nRaum 209 und 212<\/p>\n<p class=\"bodytext\">Telefon\u00a00 71 41 &#8211; 2 78 &#8211; 256 \/ 01 51 50 65 19 79<\/p>\n<p class=\"bodytext\">schulsozialarbeit(at)freiberg-an.de<\/p>\n<p>Hier k\u00f6nnen Sie unseren <a href=\"http:\/\/gruenlandschule.de\/wordpress\/wp-content\/uploads\/2022\/09\/2022_Homepage-Gruenlandschule-Schulsozialarbeit.jpg\" target=\"_blank\" rel=\"noopener noreferrer\">aktuellen Flyer<\/a> herunterladen:<\/p>\n<p><a href=\"http:\/\/gruenlandschule.de\/wordpress\/wp-content\/uploads\/2022\/09\/2022_Homepage-Gruenlandschule-Schulsozialarbeit.jpg\" target=\"_blank\" rel=\"noopener noreferrer\">Flyer_2022<\/a><\/p>\n<p><strong>Auch in der unterrichtsfreien Zeit (Corona) sind wir f\u00fcr Euch da:<\/strong><\/p>\n<table style=\"height: 104px; width: 555px;\" width=\"702\">\n<tbody>\n<tr>\n<td style=\"width: 118.640625px;\">Mo -Fr<\/td>\n<td style=\"width: 154.859375px;\">09:00 &#8211; 16:30 Uhr<\/td>\n<td style=\"width: 259.53125px;\">Telefon 0 71 41 \/ \u00a02 78 &#8211; 256<\/p>\n<p>oder<\/p>\n<p>01 51 \/ 50 65 19 79<\/td>\n<\/tr>\n<tr>\n<td style=\"width: 118.640625px;\">Mo -Fr<\/td>\n<td style=\"width: 154.859375px;\">\u00a009:00 &#8211; 13:00 Uhr<\/td>\n<td style=\"width: 259.53125px;\">&nbsp;<\/p>\n<p>Telefon 0 71 41 \/ \u00a02 78 &#8211; 256<\/p>\n<p>&nbsp;<\/td>\n<\/tr>\n<tr>\n<td style=\"width: 118.640625px;\">oder per E-Mail<\/td>\n<td style=\"width: 154.859375px;\"><\/td>\n<td style=\"width: 259.53125px;\"><a href=\"mailto:schulsozialarbeit@freiberg-an.de\" target=\"_blank\" rel=\"noopener noreferrer\">schulsozialarbeit@freiberg-an.de<\/a><\/td>\n<\/tr>\n<\/tbody>\n<\/table>\n<p>&nbsp;<\/p>\n<p>&nbsp;<\/p>\n<p>[\/vc_column_text][\/vc_column][vc_column width=&#8220;1\/6&#8243;][\/vc_column][\/vc_row]<\/p>\n<\/div>","protected":false},"excerpt":{"rendered":"<p>[vc_row][vc_column width=&#8220;1\/6&#8243;][\/vc_column][vc_column width=&#8220;2\/3&#8243;][vc_column_text] Schulsozialarbeit der Stadt Freiberg am Neckar \u201eEin zentrales Bed\u00fcrfnis aller Sch\u00fclerinnen und Sch\u00fcler ist es, die Schule als einen Ort zu erfahren, an dem man anerkannt, respektiert, gefordert und gef\u00f6rdert wird. Probleme, kleine und gro\u00dfe Krisen oder<\/p>\n","protected":false},"author":2,"featured_media":562,"parent":14,"menu_order":0,"comment_status":"closed","ping_status":"closed","template":"","meta":{"footnotes":""},"class_list":["post-261","page","type-page","status-publish","has-post-thumbnail","hentry"],"_links":{"self":[{"href":"https:\/\/gruenlandschule.de\/wordpress\/wp-json\/wp\/v2\/pages\/261","targetHints":{"allow":["GET"]}}],"collection":[{"href":"https:\/\/gruenlandschule.de\/wordpress\/wp-json\/wp\/v2\/pages"}],"about":[{"href":"https:\/\/gruenlandschule.de\/wordpress\/wp-json\/wp\/v2\/types\/page"}],"author":[{"embeddable":true,"href":"https:\/\/gruenlandschule.de\/wordpress\/wp-json\/wp\/v2\/users\/2"}],"replies":[{"embeddable":true,"href":"https:\/\/gruenlandschule.de\/wordpress\/wp-json\/wp\/v2\/comments?post=261"}],"version-history":[{"count":23,"href":"https:\/\/gruenlandschule.de\/wordpress\/wp-json\/wp\/v2\/pages\/261\/revisions"}],"predecessor-version":[{"id":1633,"href":"https:\/\/gruenlandschule.de\/wordpress\/wp-json\/wp\/v2\/pages\/261\/revisions\/1633"}],"up":[{"embeddable":true,"href":"https:\/\/gruenlandschule.de\/wordpress\/wp-json\/wp\/v2\/pages\/14"}],"wp:featuredmedia":[{"embeddable":true,"href":"https:\/\/gruenlandschule.de\/wordpress\/wp-json\/wp\/v2\/media\/562"}],"wp:attachment":[{"href":"https:\/\/gruenlandschule.de\/wordpress\/wp-json\/wp\/v2\/media?parent=261"}],"curies":[{"name":"wp","href":"https:\/\/api.w.org\/{rel}","templated":true}]}}