{"id":258,"date":"2018-12-11T14:34:46","date_gmt":"2018-12-11T13:34:46","guid":{"rendered":"http:\/\/wp12927419.server-he.de\/gruenland\/?page_id=258"},"modified":"2020-02-14T10:00:11","modified_gmt":"2020-02-14T09:00:11","slug":"foerderverein-der-gruenlandschule","status":"publish","type":"page","link":"https:\/\/gruenlandschule.de\/wordpress\/miteinander-leben\/foerderverein-der-gruenlandschule\/","title":{"rendered":"F\u00f6rderverein der Gr\u00fcnlandschule"},"content":{"rendered":"<div class=\"wpb-content-wrapper\"><p>[vc_row][vc_column width=&#8220;1\/6&#8243;][\/vc_column][vc_column width=&#8220;2\/3&#8243;][vc_column_text]<div id=\"metaslider-id-434\" style=\"max-width: 1200px;\" class=\"ml-slider-3-105-0 metaslider metaslider-flex metaslider-434 ml-slider has-dots-nav ms-theme-default\" role=\"region\" aria-label=\"F\u00f6rderverein\" data-height=\"450\" data-width=\"1200\">\n    <div id=\"metaslider_container_434\">\n        <div id=\"metaslider_434\">\n            <ul class='slides'>\n                <li style=\"display: block; width: 100%;\" class=\"slide-555 ms-image \" aria-roledescription=\"slide\" data-date=\"2019-02-04 17:30:51\" data-filename=\"Gruenlandshirts_DWit-5160-800x300.jpg\" data-slide-type=\"image\"><img loading=\"lazy\" decoding=\"async\" src=\"https:\/\/gruenlandschule.de\/wordpress\/wp-content\/uploads\/2019\/02\/Gruenlandshirts_DWit-5160-800x300.jpg\" height=\"450\" width=\"1200\" alt=\"\" class=\"slider-434 slide-555 msDefaultImage\" title=\"Gruenlandshirts_DWit-5160\" \/><\/li>\n                <li style=\"display: none; width: 100%;\" class=\"slide-553 ms-image \" aria-roledescription=\"slide\" data-date=\"2019-02-04 17:30:51\" data-filename=\"Schulhofaktion_loewenzahn_DWit-0947-1200x450.jpg\" data-slide-type=\"image\"><img loading=\"lazy\" decoding=\"async\" src=\"https:\/\/gruenlandschule.de\/wordpress\/wp-content\/uploads\/2019\/02\/Schulhofaktion_loewenzahn_DWit-0947-1200x450.jpg\" height=\"450\" width=\"1200\" alt=\"\" class=\"slider-434 slide-553 msDefaultImage\" title=\"Schulhofaktion_loewenzahn_DWit-0947\" \/><\/li>\n                <li style=\"display: none; width: 100%;\" class=\"slide-552 ms-image \" aria-roledescription=\"slide\" data-date=\"2019-02-04 17:30:51\" data-filename=\"Schulhofaktion_regenwurm_DWit-0949-1200x450.jpg\" data-slide-type=\"image\"><img loading=\"lazy\" decoding=\"async\" src=\"https:\/\/gruenlandschule.de\/wordpress\/wp-content\/uploads\/2019\/02\/Schulhofaktion_regenwurm_DWit-0949-1200x450.jpg\" height=\"450\" width=\"1200\" alt=\"\" class=\"slider-434 slide-552 msDefaultImage\" title=\"Schulhofaktion_regenwurm_DWit-0949\" \/><\/li>\n                <li style=\"display: none; width: 100%;\" class=\"slide-557 ms-image \" aria-roledescription=\"slide\" data-date=\"2019-02-04 17:34:00\" data-filename=\"Schulhofaktion_DWit-0850-1200x450.jpg\" data-slide-type=\"image\"><img loading=\"lazy\" decoding=\"async\" src=\"https:\/\/gruenlandschule.de\/wordpress\/wp-content\/uploads\/2019\/02\/Schulhofaktion_DWit-0850-1200x450.jpg\" height=\"450\" width=\"1200\" alt=\"\" class=\"slider-434 slide-557 msDefaultImage\" title=\"Schulhofaktion_DWit-0850\" \/><\/li>\n                <li style=\"display: none; width: 100%;\" class=\"slide-558 ms-image \" aria-roledescription=\"slide\" data-date=\"2019-02-04 17:34:00\" data-filename=\"Schulhofaktion_DWit-1084-1200x450.jpg\" data-slide-type=\"image\"><img loading=\"lazy\" decoding=\"async\" src=\"https:\/\/gruenlandschule.de\/wordpress\/wp-content\/uploads\/2019\/02\/Schulhofaktion_DWit-1084-1200x450.jpg\" height=\"450\" width=\"1200\" alt=\"\" class=\"slider-434 slide-558 msDefaultImage\" title=\"Schulhofaktion_DWit-1084\" \/><\/li>\n            <\/ul>\n        <\/div>\n        \n    <\/div>\n<\/div>[\/vc_column_text][\/vc_column][vc_column width=&#8220;1\/6&#8243;][\/vc_column][\/vc_row][vc_row][vc_column width=&#8220;1\/6&#8243;][\/vc_column][vc_column width=&#8220;2\/3&#8243;][vc_column_text]Seit 2012 haben wir an unserer Schule den F\u00f6rderverein, der sich um das Drumherum des Schullebens unserer Kinder k\u00fcmmert und \u2013 f\u00fcr Kinder, Eltern und Schule \u2013 f\u00fcr ein gutes Miteinander sorgt.<\/p>\n<p>Durch den F\u00f6rderverein k\u00f6nnen wir ohne b\u00fcrokratischen Aufwand bestimmte Dinge finanzieren, wie z. B. Waveboards und Protektoren, Pavillon, Spiele oder ganz einfach eine neue Kaffeemaschine f\u00fcr den reibungslosen Ablauf der verschiedenen Bewirtungen an unserer Schule. Auch Spenden d\u00fcrfen Schulen leider ohne F\u00f6rderverein gar nicht so ohne weiteres annehmen.<\/p>\n<p>Die Arbeit im Verein macht viel Spa\u00df, wir blicken zur\u00fcck auf viele tolle Erinnerungen wie beispielsweise die Spieletage, spannende Experimentiertage, Zirkusvorstellung, Trommelino, &#8230; etc. und wir haben auch schon viele spannende Ideen f\u00fcr die Zukunft!<\/p>\n<p>&nbsp;<\/p>\n<p><strong>Unser Vorstand<\/strong><\/p>\n<p>1. Vorsitzender: Frank Stieler<\/p>\n<p>Stellvertretender Vorsitzender: R\u00fcdiger Scholz<\/p>\n<p>Schatzmeister: Hendrik Pristl<\/p>\n<p>Schriftf\u00fchrer: Michael D\u00f6tterer<\/p>\n<p>&nbsp;<\/p>\n<p><strong>Aufgaben:<\/strong><\/p>\n<p>&#8211; Tatkr\u00e4ftige und finanzielle Unterst\u00fctzung schulischer Projekte und Veranstaltungen<\/p>\n<p>&#8211; Beschaffung zus\u00e4tzlicher Lehrmittel (Landkarten, Bibliotheksausstattung, \u2026)<\/p>\n<p>&#8211; Anregung und Unterst\u00fctzung bei besonderen Unterrichtsthemen<span class=\"Apple-converted-space\">\u00a0<\/span><\/p>\n<p>&#8211; Beschaffung von Musikinstrumenten, Sportausstattungen, Spielger\u00e4ten<\/p>\n<p>&#8211; Kauf von zus\u00e4tzlichen Computern, Software, Schulk\u00fcchengeschirr<\/p>\n<p>Vereine leben von ihren Mitgliedern. Werden Sie selbst aktiver Gestalter oder passiver F\u00f6rderer einer noch besseren Ausbildung und Zukunftschance unserer Kinder!\u00a0<strong>F\u00fcr 24 Euro im Jahr<\/strong> k\u00f6nnen Sie unsere Arbeit zum Wohle der Kinder unterst\u00fctzen.<\/p>\n<p>&nbsp;<\/p>\n<p><strong>Ansprechpartner:<\/strong><\/p>\n<p>Frank Stieler<br \/>\nE-Mail: <a href=\"mailto:foerderverein@gruenlandschule.de\">foerderverein@gruenlandschule.de<\/a><\/p>\n<p>&nbsp;<\/p>\n<p><strong>Mitglied werden<\/strong><\/p>\n<p><a href=\"http:\/\/gruenlandschule.de\/wordpress\/wp-content\/uploads\/2019\/03\/beitrittsformular2019.pdf\" target=\"_blank\" rel=\"noopener noreferrer\">Laden Sie hier das Beitrittsformular herunter<\/a> und geben Sie es einfach ausgef\u00fcllt Ihrem Kind mit in die Postmappe, die Klassenlehrer*innen freuen sich immer mit uns \u00fcber neue Mitglieder!<\/p>\n<p>&nbsp;<\/p>\n<p><strong>Das Kleingedruckte &#8230;<\/strong><\/p>\n<p>Gerne k\u00f6nnen Sie noch einmal alles ganz genau nachlesen. Hier finden Sie unsere Satzung und die Datenschutzerkl\u00e4rung unseres Vereins.<\/p>\n<ul>\n<li><a href=\"http:\/\/gruenlandschule.de\/wordpress\/wp-content\/uploads\/2019\/03\/foerderverein_gruenl_2019_web.pdf\" target=\"_blank\" rel=\"noopener noreferrer\">Unser Flyer als pdf<\/a><\/li>\n<li><a href=\"http:\/\/gruenlandschule.de\/wordpress\/wp-content\/uploads\/2019\/03\/satzung_2019_01_07_10_40_59_110.pdf\" target=\"_blank\" rel=\"noopener noreferrer\">Satzung als pdf<\/a><\/li>\n<li><a href=\"http:\/\/gruenlandschule.de\/wordpress\/wp-content\/uploads\/2019\/03\/FV_Datenschutz_DSGVO.pdf\" target=\"_blank\" rel=\"noopener noreferrer\">Datenschutzerkl\u00e4rung als pdf<\/a><\/li>\n<\/ul>\n<p>[\/vc_column_text]<\/p>\n<h1>Aktuelles aus dem F\u00f6rderverein<\/h1>\n<p>[vc_basic_grid post_type=&#8220;blog_post&#8220; max_items=&#8220;10&#8243; grid_id=&#8220;vc_gid:1549972097892-922285bd-8521-2&#8243; taxonomies=&#8220;21&#8243;][\/vc_column][vc_column width=&#8220;1\/6&#8243;][\/vc_column][\/vc_row]<\/p>\n<\/div>","protected":false},"excerpt":{"rendered":"<p>[vc_row][vc_column width=&#8220;1\/6&#8243;][\/vc_column][vc_column width=&#8220;2\/3&#8243;][vc_column_text][\/vc_column_text][\/vc_column][vc_column width=&#8220;1\/6&#8243;][\/vc_column][\/vc_row][vc_row][vc_column width=&#8220;1\/6&#8243;][\/vc_column][vc_column width=&#8220;2\/3&#8243;][vc_column_text]Seit 2012 haben wir an unserer Schule den F\u00f6rderverein, der sich um das Drumherum des Schullebens unserer Kinder k\u00fcmmert und \u2013 f\u00fcr Kinder, Eltern und Schule \u2013 f\u00fcr ein gutes Miteinander sorgt. Durch den F\u00f6rderverein<\/p>\n","protected":false},"author":2,"featured_media":0,"parent":14,"menu_order":0,"comment_status":"closed","ping_status":"closed","template":"","meta":{"footnotes":""},"class_list":["post-258","page","type-page","status-publish","hentry"],"_links":{"self":[{"href":"https:\/\/gruenlandschule.de\/wordpress\/wp-json\/wp\/v2\/pages\/258","targetHints":{"allow":["GET"]}}],"collection":[{"href":"https:\/\/gruenlandschule.de\/wordpress\/wp-json\/wp\/v2\/pages"}],"about":[{"href":"https:\/\/gruenlandschule.de\/wordpress\/wp-json\/wp\/v2\/types\/page"}],"author":[{"embeddable":true,"href":"https:\/\/gruenlandschule.de\/wordpress\/wp-json\/wp\/v2\/users\/2"}],"replies":[{"embeddable":true,"href":"https:\/\/gruenlandschule.de\/wordpress\/wp-json\/wp\/v2\/comments?post=258"}],"version-history":[{"count":30,"href":"https:\/\/gruenlandschule.de\/wordpress\/wp-json\/wp\/v2\/pages\/258\/revisions"}],"predecessor-version":[{"id":1296,"href":"https:\/\/gruenlandschule.de\/wordpress\/wp-json\/wp\/v2\/pages\/258\/revisions\/1296"}],"up":[{"embeddable":true,"href":"https:\/\/gruenlandschule.de\/wordpress\/wp-json\/wp\/v2\/pages\/14"}],"wp:attachment":[{"href":"https:\/\/gruenlandschule.de\/wordpress\/wp-json\/wp\/v2\/media?parent=258"}],"curies":[{"name":"wp","href":"https:\/\/api.w.org\/{rel}","templated":true}]}}