{"id":256,"date":"2018-12-11T14:34:20","date_gmt":"2018-12-11T13:34:20","guid":{"rendered":"http:\/\/wp12927419.server-he.de\/gruenland\/?page_id=256"},"modified":"2022-11-28T11:32:46","modified_gmt":"2022-11-28T10:32:46","slug":"elternvertreter-elternbeirat","status":"publish","type":"page","link":"https:\/\/gruenlandschule.de\/wordpress\/miteinander-leben\/elternvertreter-elternbeirat\/","title":{"rendered":"Elternvertreter\/ Elternbeirat"},"content":{"rendered":"<div class=\"wpb-content-wrapper\"><p>[vc_row][vc_column width=&#8220;1\/6&#8243;][\/vc_column][vc_column width=&#8220;1\/2&#8243;][vc_column_text]Zusammenarbeit und partnerschaftliche Kooperation ist wichtig! Damit das auch gut funktioniert haben wir Lehrer*innen als direkte Ansprechpartner in jeder Klasse unsere Elternvertreter*innen.<\/p>\n<p>Die Elternvertretung ist ein wichtiges Mitwirkungsorgan der Eltern an der Schule und sogar \u00fcber das Schulgesetz fest im Schulleben verankert.\u00a0Dieses Organ soll die Zusammenarbeit von Schule und Elternhaus erm\u00f6glichen.\u00a0Zu Beginn jeden Schuljahres werden in jeder Klasse zwei Klassenelternvertreter*innen gew\u00e4hlt. Alle Klassenelternvertreter zusammen bilden den Gesamtelternbeirat der Schule. Aus diesem Kreis werden der\/die Elternbeiratsvorsitzende und ein\/e Stellvertreter*in gew\u00e4hlt.<\/p>\n<p>Die Elternvertretung hat in Angelegenheiten, die f\u00fcr die Schule von allgemeiner Bedeutung sind, eine beratende Aufgabe, bringt Ideen und Gestaltungsm\u00f6glichkeiten mit ein und unterbreitet Vorschl\u00e4ge f\u00fcr die t\u00e4gliche Arbeit.\u00a0Der Elternbeirat organisiert und beteiligt sich an verschiedenen Aktivit\u00e4ten, die das Schulleben mit sich bringt und bunt machen (Feste, Ausfl\u00fcge, Theaterbesuche\u2026).<\/p>\n<p><strong>Unsere aktuellen Elternbeiratsvorsitzenden sind:<\/strong><\/p>\n<ol>\n<li>Miriam Crusafio<\/li>\n<li>Saskia Voland<\/li>\n<\/ol>\n<p>Kontakt unter <a href=\"mailto:elternvertreter@gruenlandschule.de\">elternvertreter@gruenlandschule.de<\/a><\/p>\n<p>[\/vc_column_text][\/vc_column][vc_column width=&#8220;1\/6&#8243;][vc_single_image image=&#8220;199&#8243; img_size=&#8220;full&#8220; css=&#8220;.vc_custom_1548850067492{margin-bottom: 0px !important;}&#8220; el_id=&#8220;kurzmessage_header&#8220;][vc_column_text css=&#8220;.vc_custom_1548850104021{padding-right: 10px !important;padding-left: 10px !important;background-color: #dcefef !important;}&#8220; el_id=&#8220;kurzmessage_content&#8220;]<a href=\"http:\/\/gruenlandschule.de\/wordpress\/interner-bereich-fuer-elternvertreter\/\">Direkt zum Login f\u00fcr Elternvertreter &gt;&gt;<\/a>[\/vc_column_text][\/vc_column][vc_column width=&#8220;1\/6&#8243;][\/vc_column][\/vc_row]<\/p>\n<\/div>","protected":false},"excerpt":{"rendered":"<p>[vc_row][vc_column width=&#8220;1\/6&#8243;][\/vc_column][vc_column width=&#8220;1\/2&#8243;][vc_column_text]Zusammenarbeit und partnerschaftliche Kooperation ist wichtig! Damit das auch gut funktioniert haben wir Lehrer*innen als direkte Ansprechpartner in jeder Klasse unsere Elternvertreter*innen. Die Elternvertretung ist ein wichtiges Mitwirkungsorgan der Eltern an der Schule und sogar \u00fcber das Schulgesetz<\/p>\n","protected":false},"author":2,"featured_media":0,"parent":14,"menu_order":0,"comment_status":"closed","ping_status":"closed","template":"","meta":{"footnotes":""},"class_list":["post-256","page","type-page","status-publish","hentry"],"_links":{"self":[{"href":"https:\/\/gruenlandschule.de\/wordpress\/wp-json\/wp\/v2\/pages\/256","targetHints":{"allow":["GET"]}}],"collection":[{"href":"https:\/\/gruenlandschule.de\/wordpress\/wp-json\/wp\/v2\/pages"}],"about":[{"href":"https:\/\/gruenlandschule.de\/wordpress\/wp-json\/wp\/v2\/types\/page"}],"author":[{"embeddable":true,"href":"https:\/\/gruenlandschule.de\/wordpress\/wp-json\/wp\/v2\/users\/2"}],"replies":[{"embeddable":true,"href":"https:\/\/gruenlandschule.de\/wordpress\/wp-json\/wp\/v2\/comments?post=256"}],"version-history":[{"count":17,"href":"https:\/\/gruenlandschule.de\/wordpress\/wp-json\/wp\/v2\/pages\/256\/revisions"}],"predecessor-version":[{"id":1645,"href":"https:\/\/gruenlandschule.de\/wordpress\/wp-json\/wp\/v2\/pages\/256\/revisions\/1645"}],"up":[{"embeddable":true,"href":"https:\/\/gruenlandschule.de\/wordpress\/wp-json\/wp\/v2\/pages\/14"}],"wp:attachment":[{"href":"https:\/\/gruenlandschule.de\/wordpress\/wp-json\/wp\/v2\/media?parent=256"}],"curies":[{"name":"wp","href":"https:\/\/api.w.org\/{rel}","templated":true}]}}