{"id":245,"date":"2018-12-11T14:19:32","date_gmt":"2018-12-11T13:19:32","guid":{"rendered":"http:\/\/wp12927419.server-he.de\/gruenland\/?page_id=245"},"modified":"2019-02-15T10:43:59","modified_gmt":"2019-02-15T09:43:59","slug":"lesen","status":"publish","type":"page","link":"https:\/\/gruenlandschule.de\/wordpress\/miteinander-lernen\/lesen\/","title":{"rendered":"Lesen"},"content":{"rendered":"<div class=\"wpb-content-wrapper\"><p>[vc_row][vc_column width=&#8220;1\/6&#8243;][\/vc_column][vc_column width=&#8220;2\/3&#8243;][vc_column_text]Wir arbeiten von Klasse 1 an in allen F\u00e4chern (z.B. auch in Mathematik) mit demselben Lesekonzept.\u00a0Am besten unterst\u00fctzen Sie Ihr Kind, wenn Sie auch zu Hause nach unserem Leitfaden vorgehen.<\/p>\n<p>[\/vc_column_text][\/vc_column][vc_column width=&#8220;1\/6&#8243;][\/vc_column][\/vc_row][vc_row][vc_column width=&#8220;1\/6&#8243;][vc_column_text]<!--?php echo do_shortcode('[metaslider id=\"370\"]'); ?-->[\/vc_column_text][\/vc_column][vc_column width=&#8220;2\/3&#8243;][vc_tta_accordion color=&#8220;juicy-pink&#8220; c_icon=&#8220;triangle&#8220; active_section=&#8220;1&#8243; el_id=&#8220;accordeon&#8220; el_class=&#8220;color_green&#8220;][vc_tta_section i_icon_fontawesome=&#8220;fa fa-magic&#8220; add_icon=&#8220;true&#8220; title=&#8220;Lesen mit dem Leselotsen&#8220; tab_id=&#8220;1543481838691-1b001401-a01e&#8220;][vc_column_text]<\/p>\n<p><strong>Lesen mit dem Leselotsen<\/strong><\/p>\n<ol>\n<li>Lies die \u00dcberschrift. Welche Ideen hast du dazu?<\/li>\n<li>Lies den Text langsam und genau!<br \/>\n\u2013 Unterteile dir l\u00e4ngere\/ unbekannte W\u00f6rter in Silben .<br \/>\n\u2013 Markiere dir unbekannte W\u00f6rter orange.<\/li>\n<li>Kl\u00e4re unbekannte W\u00f6rter: Suche Hinweise im Wort, im Text! Schlage nach! Frage nach!<\/li>\n<li>Markiere in jedem Abschnitt wichtige W\u00f6rter gelb.<\/li>\n<li>Teile den Text in Abschnitte ein. Finde jeweils die \u00dcberschrift.<\/li>\n<li>Jetzt kannst du mit Hilfe der gelb markierten W\u00f6rter den Text zusammenfassen.<\/li>\n<li>Was wei\u00dft du jetzt mehr als vorher? Was war neu f\u00fcr dich?<\/li>\n<\/ol>\n<p>[\/vc_column_text][\/vc_tta_section][vc_tta_section i_icon_fontawesome=&#8220;fa fa-magic&#8220; add_icon=&#8220;true&#8220; title=&#8220;Lesen im Lesetandem&#8220; tab_id=&#8220;1543481838718-9833cf47-f6dd&#8220;][vc_column_text]<\/p>\n<p><strong>Lesen im Lesetandem<\/strong><\/p>\n<p>Kl\u00e4ren Sie, wer als Sportler und wer als Trainer beginnt. Wechseln Sie auch ab!<\/p>\n<table style=\"border-style: dotted; border-color: #d9d9d9;\">\n<tbody>\n<tr>\n<td><strong>Sportler<\/strong><\/td>\n<td><strong>Trainer<\/strong><\/td>\n<\/tr>\n<tr>\n<td width=\"265\">&nbsp;<\/p>\n<p>Ich lese mit dem Finger mit.<\/p>\n<p>&nbsp;<\/p>\n<p>Ich lese den Text gemeinsam und halblaut.<\/p>\n<p>&nbsp;<\/p>\n<p>&nbsp;<\/p>\n<p>Ich versuche meine Fehler selbst zu verbessern.<\/p>\n<p>Ich lese das Fehlerwort in Silben.<\/p>\n<p>Ich lese das ganze Wort noch einmal richtig.<\/p>\n<p>Ich wiederhole den vollst\u00e4ndigen Satz.<\/p>\n<p>&nbsp;<\/p>\n<p>&nbsp;<\/p>\n<p><strong>Ich behandle den Trainer fair und freundlich.<\/strong><\/td>\n<td width=\"265\">&nbsp;<\/p>\n<p>Ich gebe das Startzeichen (bis 3 z\u00e4hlen).<\/p>\n<p>&nbsp;<\/p>\n<p>Ich lese den Text gemeinsam und halblaut mit.<\/p>\n<p>&nbsp;<\/p>\n<p>Ich h\u00f6re einen Fehler und ber\u00fchre den Sportler.<\/p>\n<p>Ich gebe ihm 4sec Zeit seinen Fehler zu finden.<\/p>\n<p>&nbsp;<\/p>\n<p>&nbsp;<\/p>\n<p>Ich verbessere das falsch gelesene Wort<\/p>\n<p>nach 4 sec.<\/p>\n<p>&nbsp;<\/p>\n<p><strong>Ich beachte:<\/strong><\/p>\n<p><strong>Ich weise den Sportler freundlich auf Fehler hin.<\/strong><\/p>\n<p><strong>Ich lobe den Sportler.<\/strong><\/td>\n<\/tr>\n<\/tbody>\n<\/table>\n<p>&nbsp;<\/p>\n<p>[\/vc_column_text][\/vc_tta_section][vc_tta_section i_icon_fontawesome=&#8220;fa fa-magic&#8220; add_icon=&#8220;true&#8220; title=&#8220;Lesehausaufgaben im Gr\u00fcnen Faden&#8220; tab_id=&#8220;1544529495116-47a7d0da-395c&#8220;][vc_column_text]<\/p>\n<p><strong>Unsere Hinweise zu den Lesehausaufgaben im Gr\u00fcnen Faden<\/strong><\/p>\n<ul>\n<li>Lesen lernt man nur durch Lesen, also durch t\u00e4gliches \u00dcben. Wir wissen, dass ihr Kind lesen kann. Um seine Leseleistung zu verbessern, ist es aus lernpsychologischen Gr\u00fcnden wichtig, t\u00e4glich zu lesen. Nur das bringt Ihrem Kind den Fortschritt. Deshalb gilt f\u00fcr Gr\u00fcnland-Kinder:\u00a0 Lies t\u00e4glich!\u00a0Lies viel!<\/li>\n<\/ul>\n<p>Es gibt Tage, da ist bei Ihnen so viel los, dass Lesezeit knapp ist. Deshalb sollte Ihr Kind auch nur an 5 Tagen in der Woche lesen.\u00a0Allerdings darf es nicht auf Vorrat lesen:\u00a0Das hei\u00dft, auch wenn es Montag eine halbe Stunde gelesen hat, sollte es Dienstag trotzdem\u00a0mindestens 10 min lesen. Um seiner Lehrerin zu zeigen, wie lange es gelesen hat, markiert es das Feld im Gr\u00fcnen Faden mit unterschiedlichen Farben.<\/p>\n<p>Sie als Eltern unterschreiben, dass es auch seine Lese-Hausaufgaben gemacht hat.<\/p>\n<p><strong>Auf die Freude am Lesen kommt es an! <\/strong><\/p>\n<ul>\n<li>Deshalb sucht sich Ihr Kind sein Lesefutter selbst aus. Dazu kann es in der Klassenb\u00fccherei, im B\u00fccherschrank oder in der Stadtbibliothek ein Buch ausleihen. Um geeignete B\u00fccher zu finden, kann es au\u00dfer Ihnen auch seine Freunde und Mitsch\u00fcler oder seine Lehrerin nach geeigneten B\u00fcchern fragen. Nichts w\u00e4re schlimmer, als wenn Ihr Kind lesen will und nichts zu lesen hat.<\/li>\n<li>Zu vielen B\u00fcchern findet ihr Kind auf <a href=\"https:\/\/antolin.westermann.de\" target=\"_blank\" rel=\"noopener\">www.antolin.de<\/a> Fragen. Damit kann es Punkte sammeln und zeigen, wie gut es den Text verstanden hat.<\/li>\n<li>Auf <a href=\"http:\/\/www.hamsterkiste.de\" target=\"_blank\" rel=\"noopener\">www.hamsterkiste.de<\/a>, <a href=\"https:\/\/www.blinde-kuh.de\/index.html\" target=\"_blank\" rel=\"noopener\">www.blindekuh.de<\/a> und <a href=\"https:\/\/www.fragfinn.de\" target=\"_blank\" rel=\"noopener\">www.fragfinn.de<\/a> gibt es viele Texte zu verschiedenen Sachthemen. F\u00fcr die seltenen F\u00e4lle, wenn ihr Kind gerade kein Buch haben sollte.<\/li>\n<\/ul>\n<p>[\/vc_column_text][\/vc_tta_section][vc_tta_section i_icon_fontawesome=&#8220;fa fa-magic&#8220; add_icon=&#8220;true&#8220; title=&#8220;&#8230; und sonst?&#8220; tab_id=&#8220;1544529540286-e0a4956f-2cd5&#8243;][vc_column_text]<\/p>\n<p><strong>Was k\u00f6nnen Sie noch tun, um Ihr Kind beim Lesen zu unterst\u00fctzen?<\/strong><\/p>\n<p><em><strong>Sprechen Sie mit Ihrem Kind!\u00a0<\/strong><\/em><\/p>\n<p>Was das mit dem Lesen zu tun hat?\u00a0Je mehr Ihr Kind \u00fcber die Welt wei\u00df, desto besser kann es Texte inhaltlich verstehen.\u00a0Je mehr W\u00f6rter es kennt, desto besser kann es die W\u00f6rter in Texten wieder erkennen und verstehen. Es kann sich mit der Bedeutung des ganzen Textes besch\u00e4ftigen und\u00a0 muss nicht st\u00e4ndig nach der \u00a0Bedeutung einzelner W\u00f6rter fragen.<\/p>\n<p><em><strong>Lesen Sie Ihrem Kind vor!<\/strong><\/em><\/p>\n<p>Geben Sie Ihrem Kind die Chance, Ihre Stimme und die Zweisamkeit zu genie\u00dfen, sich in Texte zu verlieben und sich neue Welten zu erschlie\u00dfen.\u00a0Das Vorlesen in der Familie gilt in der Leseforschung als besonders wichtig, um Lesefreude, Sprach-und Ausdrucksf\u00e4higkeit zu entwickeln.\u00a0Entscheidend f\u00fcr die Wirksamkeit des Vorlesens ist N\u00e4he und Austausch, nicht Ihr Lesevortrag.\u00a0Deshalb suchen Sie sich ein nettes Pl\u00e4tzchen zum Vorlesen. Behalten Sie Ihr Kind im Blick und unterbrechen Sie das Vorlesen immer wieder, um mit ihrem Kind \u00fcber das Geh\u00f6rte zu reden und mit ihm weiterzudenken.Es steigert die Lesefreude, wenn ihr Kind auch Ihnen vorlesen und Fragen stellen kann.\u00a0Unsere gr\u00f6\u00dferen \u00a0Grundschulkinder sch\u00e4tzen diese besondere Zeit mit Ihnen auch noch sehr.<\/p>\n<p><strong><em>Machen Sie kleine Merkspiele.<\/em><\/strong><\/p>\n<p>Erfolgreiche Leser merken sich, was in vorangegangen S\u00e4tzen und Abschnitten steht. Erst dadurch gelingt es ihnen, Zusammenh\u00e4nge herzustellen.<\/p>\n<p>[\/vc_column_text][\/vc_tta_section][vc_tta_section i_icon_fontawesome=&#8220;fa fa-magic&#8220; add_icon=&#8220;true&#8220; title=&#8220;Lesen hat viele Seiten.&#8220; tab_id=&#8220;1544529578222-3e90c08d-71d6&#8243;][vc_column_text]<\/p>\n<p><strong>Lesen hat viele Seiten. Diese finden Sie an der Gr\u00fcnlandschule:<\/strong><\/p>\n<ul>\n<li>Unser Lesefutterschrank: An einem festgelegten Wochentag darf man sich aus dem Lesefutterschrank ein Buch ausw\u00e4hlen. Es gilt: Nimm dir ein Buch heraus und stelle ein eigenes daf\u00fcr hinein!<\/li>\n<li>Klassenb\u00fccherei<\/li>\n<li>Vorlesen w\u00e4hrend der Vesperzeit<\/li>\n<li>\u201eFrederickwochen\u201c im Oktober<\/li>\n<li>Bibliotheksbesuch in Klasse 2<\/li>\n<li>Begleitung des selbstst\u00e4ndigen Lesens mit Antolin<\/li>\n<li>ZISCH-Projekt mit der Ludwigsburger Kreiszeitung<\/li>\n<li>Theaterbesuch in der Vorweihnachtszeit<\/li>\n<\/ul>\n<p>[\/vc_column_text][\/vc_tta_section][\/vc_tta_accordion][\/vc_column][vc_column width=&#8220;1\/6&#8243;][\/vc_column][\/vc_row][vc_column width=&#8220;2\/3&#8243;][\/vc_column][vc_column width=&#8220;1\/6&#8243;][\/vc_column][vc_column width=&#8220;1\/6&#8243;][\/vc_column][vc_row][vc_column width=&#8220;1\/6&#8243;][\/vc_column][vc_column width=&#8220;2\/3&#8243;]<\/p>\n<h1>Neues aus dem Bereich &#8222;Lesen&#8220;<\/h1>\n<p>[vc_basic_grid post_type=&#8220;blog_post&#8220; max_items=&#8220;10&#8243; grid_id=&#8220;vc_gid:1550223759257-d20fc3f4-7161-2&#8243; taxonomies=&#8220;24&#8243; el_class=&#8220;hellgruen&#8220;][\/vc_column][vc_column width=&#8220;1\/6&#8243;][\/vc_column][\/vc_row]<\/p>\n<\/div>","protected":false},"excerpt":{"rendered":"<p>[vc_row][vc_column width=&#8220;1\/6&#8243;][\/vc_column][vc_column width=&#8220;2\/3&#8243;][vc_column_text]Wir arbeiten von Klasse 1 an in allen F\u00e4chern (z.B. auch in Mathematik) mit demselben Lesekonzept.\u00a0Am besten unterst\u00fctzen Sie Ihr Kind, wenn Sie auch zu Hause nach unserem Leitfaden vorgehen. [\/vc_column_text][\/vc_column][vc_column width=&#8220;1\/6&#8243;][\/vc_column][\/vc_row][vc_row][vc_column width=&#8220;1\/6&#8243;][vc_column_text][\/vc_column_text][\/vc_column][vc_column width=&#8220;2\/3&#8243;][vc_tta_accordion color=&#8220;juicy-pink&#8220; c_icon=&#8220;triangle&#8220; active_section=&#8220;1&#8243; el_id=&#8220;accordeon&#8220;<\/p>\n","protected":false},"author":2,"featured_media":0,"parent":16,"menu_order":0,"comment_status":"closed","ping_status":"closed","template":"","meta":{"footnotes":""},"class_list":["post-245","page","type-page","status-publish","hentry"],"_links":{"self":[{"href":"https:\/\/gruenlandschule.de\/wordpress\/wp-json\/wp\/v2\/pages\/245","targetHints":{"allow":["GET"]}}],"collection":[{"href":"https:\/\/gruenlandschule.de\/wordpress\/wp-json\/wp\/v2\/pages"}],"about":[{"href":"https:\/\/gruenlandschule.de\/wordpress\/wp-json\/wp\/v2\/types\/page"}],"author":[{"embeddable":true,"href":"https:\/\/gruenlandschule.de\/wordpress\/wp-json\/wp\/v2\/users\/2"}],"replies":[{"embeddable":true,"href":"https:\/\/gruenlandschule.de\/wordpress\/wp-json\/wp\/v2\/comments?post=245"}],"version-history":[{"count":25,"href":"https:\/\/gruenlandschule.de\/wordpress\/wp-json\/wp\/v2\/pages\/245\/revisions"}],"predecessor-version":[{"id":930,"href":"https:\/\/gruenlandschule.de\/wordpress\/wp-json\/wp\/v2\/pages\/245\/revisions\/930"}],"up":[{"embeddable":true,"href":"https:\/\/gruenlandschule.de\/wordpress\/wp-json\/wp\/v2\/pages\/16"}],"wp:attachment":[{"href":"https:\/\/gruenlandschule.de\/wordpress\/wp-json\/wp\/v2\/media?parent=245"}],"curies":[{"name":"wp","href":"https:\/\/api.w.org\/{rel}","templated":true}]}}