{"id":243,"date":"2018-12-11T14:14:06","date_gmt":"2018-12-11T13:14:06","guid":{"rendered":"http:\/\/wp12927419.server-he.de\/gruenland\/?page_id=243"},"modified":"2019-02-05T16:04:59","modified_gmt":"2019-02-05T15:04:59","slug":"der-gruene-faden-unser-besonderes-lerntagebuch","status":"publish","type":"page","link":"https:\/\/gruenlandschule.de\/wordpress\/miteinander-lernen\/der-gruene-faden-unser-besonderes-lerntagebuch\/","title":{"rendered":"Lerntagebuch Gr\u00fcner Faden"},"content":{"rendered":"<div class=\"wpb-content-wrapper\"><p>[vc_row][vc_column width=&#8220;1\/6&#8243;][\/vc_column][vc_column width=&#8220;2\/3&#8243;][vc_column_text]<b>Der Gr\u00fcne Faden \u2013 ein Lernbegleiter f\u00fcr alle Gr\u00fcnlandsch\u00fcler<\/b><\/p>\n<p>Wir haben an unserer Schule einen Planer f\u00fcr jedes Kind. Dieser Planer ist viel mehr als ein Hausaufgabenheft:<span class=\"Apple-converted-space\">\u00a0<\/span><\/p>\n<p>&#8211; Er dient der Kommunikation zwischen Elternhaus und Schule<\/p>\n<p>&#8211; er ist dazu da, s\u00e4mtliche Hausaufgaben, Klassenarbeiten und Termine einzutragen<\/p>\n<p>&#8211; er beinhaltet die Haus- und Pausenhofordung, die am Anfang jedes Schuljahres von allen Sch\u00fclern unterschrieben wird<\/p>\n<p>&#8211; er vermittelt die p\u00e4dagogischen Leitgedanken der Schule<span class=\"Apple-converted-space\">\u00a0<\/span><\/p>\n<p>&#8211; er enth\u00e4lt alle wichtigen Kontaktadressen<span class=\"Apple-converted-space\">\u00a0<\/span><\/p>\n<p>Die Nutzung und Handhabung des Gr\u00fcnen Fadens bietet f\u00fcr die p\u00e4dagogische Fachkraft verschiedene M\u00f6glichkeiten zur altersgerechten F\u00f6rderung Ihres Kindes. Diese werden den Erziehungsberechtigen am ersten Klassenpflegschaftsabend im Schuljahr erl\u00e4utert.<span class=\"Apple-converted-space\">\u00a0<\/span><\/p>\n<p>Der Gr\u00fcne Faden ist von den Eltern zu Beginn jedes Schuljahres k\u00e4uflich zu erwerben.<\/p>\n<p>[\/vc_column_text][\/vc_column][vc_column width=&#8220;1\/6&#8243;][\/vc_column][\/vc_row]<\/p>\n<\/div>","protected":false},"excerpt":{"rendered":"<p>[vc_row][vc_column width=&#8220;1\/6&#8243;][\/vc_column][vc_column width=&#8220;2\/3&#8243;][vc_column_text]Der Gr\u00fcne Faden \u2013 ein Lernbegleiter f\u00fcr alle Gr\u00fcnlandsch\u00fcler Wir haben an unserer Schule einen Planer f\u00fcr jedes Kind. Dieser Planer ist viel mehr als ein Hausaufgabenheft:\u00a0 &#8211; Er dient der Kommunikation zwischen Elternhaus und Schule &#8211; er<\/p>\n","protected":false},"author":2,"featured_media":0,"parent":16,"menu_order":0,"comment_status":"closed","ping_status":"closed","template":"","meta":{"footnotes":""},"class_list":["post-243","page","type-page","status-publish","hentry"],"_links":{"self":[{"href":"https:\/\/gruenlandschule.de\/wordpress\/wp-json\/wp\/v2\/pages\/243","targetHints":{"allow":["GET"]}}],"collection":[{"href":"https:\/\/gruenlandschule.de\/wordpress\/wp-json\/wp\/v2\/pages"}],"about":[{"href":"https:\/\/gruenlandschule.de\/wordpress\/wp-json\/wp\/v2\/types\/page"}],"author":[{"embeddable":true,"href":"https:\/\/gruenlandschule.de\/wordpress\/wp-json\/wp\/v2\/users\/2"}],"replies":[{"embeddable":true,"href":"https:\/\/gruenlandschule.de\/wordpress\/wp-json\/wp\/v2\/comments?post=243"}],"version-history":[{"count":4,"href":"https:\/\/gruenlandschule.de\/wordpress\/wp-json\/wp\/v2\/pages\/243\/revisions"}],"predecessor-version":[{"id":692,"href":"https:\/\/gruenlandschule.de\/wordpress\/wp-json\/wp\/v2\/pages\/243\/revisions\/692"}],"up":[{"embeddable":true,"href":"https:\/\/gruenlandschule.de\/wordpress\/wp-json\/wp\/v2\/pages\/16"}],"wp:attachment":[{"href":"https:\/\/gruenlandschule.de\/wordpress\/wp-json\/wp\/v2\/media?parent=243"}],"curies":[{"name":"wp","href":"https:\/\/api.w.org\/{rel}","templated":true}]}}