{"id":2,"date":"2018-07-13T16:18:35","date_gmt":"2018-07-13T14:18:35","guid":{"rendered":"http:\/\/wp12927419.server-he.de\/gruenland\/?page_id=2"},"modified":"2022-09-16T10:13:31","modified_gmt":"2022-09-16T08:13:31","slug":"beispiel-seite","status":"publish","type":"page","link":"https:\/\/gruenlandschule.de\/wordpress\/","title":{"rendered":"Die Gr\u00fcnlandschule"},"content":{"rendered":"<div class=\"wpb-content-wrapper\"><p>[vc_row content_placement=&#8220;middle&#8220; css=&#8220;.vc_custom_1543393613435{background-color: #ffffff !important;}&#8220;][vc_column el_id=&#8220;bannerbild_startseite&#8220;][vc_single_image image=&#8220;47&#8243; img_size=&#8220;full&#8220; alignment=&#8220;center&#8220;][\/vc_column][\/vc_row][vc_row][vc_column width=&#8220;1\/6&#8243;][\/vc_column][vc_column width=&#8220;2\/3&#8243;][vc_column_text]<\/p>\n<p style=\"text-align: center;\"><div id=\"metaslider-id-80\" style=\"max-width: 1200px;\" class=\"ml-slider-3-105-0 metaslider metaslider-flex metaslider-80 ml-slider has-dots-nav ms-theme-default\" role=\"region\" aria-label=\"Hompage\" data-height=\"450\" data-width=\"1200\">\n    <div id=\"metaslider_container_80\">\n        <div id=\"metaslider_80\">\n            <ul class='slides'>\n                <li style=\"display: block; width: 100%;\" class=\"slide-707 ms-image \" aria-roledescription=\"slide\" data-date=\"2019-02-05 16:26:38\" data-filename=\"Zaun__3_-1024x685-1024x384.jpg\" data-slide-type=\"image\"><img loading=\"lazy\" decoding=\"async\" src=\"https:\/\/gruenlandschule.de\/wordpress\/wp-content\/uploads\/2019\/02\/Zaun__3_-1024x685-1024x384.jpg\" height=\"450\" width=\"1200\" alt=\"\" class=\"slider-80 slide-707 msDefaultImage\" title=\"Zaun__3_-1024x685\" \/><\/li>\n                <li style=\"display: none; width: 100%;\" class=\"slide-708 ms-image \" aria-roledescription=\"slide\" data-date=\"2019-02-05 16:27:18\" data-filename=\"P1271815-1024x768-1024x384.jpg\" data-slide-type=\"image\"><img loading=\"lazy\" decoding=\"async\" src=\"https:\/\/gruenlandschule.de\/wordpress\/wp-content\/uploads\/2018\/01\/P1271815-1024x768-1024x384.jpg\" height=\"450\" width=\"1200\" alt=\"\" class=\"slider-80 slide-708 msDefaultImage\" title=\"P1271815-1024x768\" \/><\/li>\n                <li style=\"display: none; width: 100%;\" class=\"slide-923 ms-image \" aria-roledescription=\"slide\" data-date=\"2019-02-15 10:12:42\" data-filename=\"Hockey_Danke-an-Ines-800x300.jpg\" data-slide-type=\"image\"><img loading=\"lazy\" decoding=\"async\" src=\"https:\/\/gruenlandschule.de\/wordpress\/wp-content\/uploads\/2019\/02\/Hockey_Danke-an-Ines-800x300.jpg\" height=\"450\" width=\"1200\" alt=\"\" class=\"slider-80 slide-923 msDefaultImage\" title=\"Hockey_Danke-an-Ines\" \/><\/li>\n                <li style=\"display: none; width: 100%;\" class=\"slide-925 ms-image \" aria-roledescription=\"slide\" data-date=\"2019-02-15 10:12:42\" data-filename=\"paradiesvogel_IMG_5868-800x300.jpg\" data-slide-type=\"image\"><img loading=\"lazy\" decoding=\"async\" src=\"https:\/\/gruenlandschule.de\/wordpress\/wp-content\/uploads\/2019\/02\/paradiesvogel_IMG_5868-800x300.jpg\" height=\"450\" width=\"1200\" alt=\"\" class=\"slider-80 slide-925 msDefaultImage\" title=\"paradiesvogel_IMG_5868\" \/><\/li>\n                <li style=\"display: none; width: 100%;\" class=\"slide-926 ms-image \" aria-roledescription=\"slide\" data-date=\"2019-02-15 10:23:51\" data-filename=\"IMG_3983-800x300.jpg\" data-slide-type=\"image\"><img loading=\"lazy\" decoding=\"async\" src=\"https:\/\/gruenlandschule.de\/wordpress\/wp-content\/uploads\/2019\/02\/IMG_3983-800x300.jpg\" height=\"450\" width=\"1200\" alt=\"\" class=\"slider-80 slide-926 msDefaultImage\" title=\"IMG_3983\" \/><\/li>\n            <\/ul>\n        <\/div>\n        \n    <\/div>\n<\/div>\n<p>[\/vc_column_text][\/vc_column][vc_column width=&#8220;1\/6&#8243;][\/vc_column][\/vc_row][vc_row][vc_column width=&#8220;1\/6&#8243;][\/vc_column][vc_column width=&#8220;1\/2&#8243;][vc_column_text]<\/p>\n<h1>Die Gr\u00fcnlandschule sagt Hallo!<\/h1>\n<p>Herzlich willkommen zu einem sch\u00f6nen und aufregenden Schuljahr bei uns.<\/p>\n<p>&nbsp;<\/p>\n<p>[\/vc_column_text][vc_column_text]\n\t<div id=\"wpbaw-blog-1\" class=\"blogfree-plugin blog-clearfix \">\n\t\n\t\t\t\t<div id=\"post-1656\" class=\"blog type-blog blog-clearfix wpbaw-blog-class blog-col-0 has-date has-thumb\">\n\t\t\t<div class=\"blog-inner-wrap-view blog-clearfix\">\n\t\t\t\t\t\t\t\t\t<div class=\"blog-thumb\">\n\t\t\t\t\t\t<div class=\"grid-blog-thumb\">\n\t\t\t\t\t\t\t<a href=\"https:\/\/gruenlandschule.de\/wordpress\/blog-post\/frohe-feiertage\/\"><img decoding=\"async\" class=\"wpbaw-blog-img\" src=\"https:\/\/gruenlandschule.de\/wordpress\/wp-content\/uploads\/2022\/12\/20221219_092827_kl-1024x768.jpg\" alt=\"Frohe Feiertage!\"\/><\/a>\n\t\t\t\t\t\t<\/div>\n\t\t\t\t\t<\/div>\n\t\t\t\t\n\t\t\t\t<div class=\"blog-content\">\n\t\t\t\t\t\t\t\t\t\t\t\t<div class=\"blog-author\">\n\t\t\t\t\t\t\t\t\t\t\t\t\t\t\t\t\t<span>\n\t\t\t\t\t\t\t\t\t\tvon <a href=\"https:\/\/gruenlandschule.de\/wordpress\/author\/admindoris\/\" target=\"_self\">Doris<\/a>\n\t\t\t\t\t\t\t\t\t<\/span>\n\t\t\t\t\t\t\t\t \/ 20. Dezember 2022\t\t\t\t\t\t\t<\/div>\n\t\t\t\t\t\t\n\t\t\t\t\t<div class=\"post-content-text\">\n\t\t\t\t\t\t\t\t\t\t\t\t<h3 class=\"blog-title\"><a href=\"https:\/\/gruenlandschule.de\/wordpress\/blog-post\/frohe-feiertage\/\" rel=\"bookmark\">Frohe Feiertage!<\/a><\/h3>\n\t\t\t\t\t\t\t\t\t\t\t\t<div class=\"blog-content-excerpt\">\n\t\t\t\t\t\t\t\t\t\t\t\t\t\t\t<p class=\"blog-short-content\">Das Kollegium der Gr\u00fcnlandschule w\u00fcnscht frohe Weihnachten und einen guten Start ins neue Jahr!<\/p>\n\t\t\t\t\t\t\t\t<a href=\"https:\/\/gruenlandschule.de\/wordpress\/blog-post\/frohe-feiertage\/\" class=\"blog-more-link\"> Lesen Sie weiter<\/a>\n\t\t\t\t\t\t\t\t\t\t\t\t\t<\/div>\n\t\t\t\t\t\t\t\t\t\t\t<\/div>\n\t\t\t\t<\/div>\n\t\t\t<\/div>\n\t\t<\/div>\n\t\t\t\t<div id=\"post-1658\" class=\"blog type-blog blog-clearfix wpbaw-blog-class blog-col-0 has-date has-thumb\">\n\t\t\t<div class=\"blog-inner-wrap-view blog-clearfix\">\n\t\t\t\t\t\t\t\t\t<div class=\"blog-thumb\">\n\t\t\t\t\t\t<div class=\"grid-blog-thumb\">\n\t\t\t\t\t\t\t<a href=\"https:\/\/gruenlandschule.de\/wordpress\/blog-post\/ausflug-ins-theater\/\"><img decoding=\"async\" class=\"wpbaw-blog-img\" src=\"https:\/\/gruenlandschule.de\/wordpress\/wp-content\/uploads\/2022\/12\/alice-1024x1024.jpg\" alt=\"Ausflug ins Theater\"\/><\/a>\n\t\t\t\t\t\t<\/div>\n\t\t\t\t\t<\/div>\n\t\t\t\t\n\t\t\t\t<div class=\"blog-content\">\n\t\t\t\t\t\t\t\t\t\t\t\t<div class=\"blog-author\">\n\t\t\t\t\t\t\t\t\t\t\t\t\t\t\t\t\t<span>\n\t\t\t\t\t\t\t\t\t\tvon <a href=\"https:\/\/gruenlandschule.de\/wordpress\/author\/admindoris\/\" target=\"_self\">Doris<\/a>\n\t\t\t\t\t\t\t\t\t<\/span>\n\t\t\t\t\t\t\t\t \/ 16. Dezember 2022\t\t\t\t\t\t\t<\/div>\n\t\t\t\t\t\t\n\t\t\t\t\t<div class=\"post-content-text\">\n\t\t\t\t\t\t\t\t\t\t\t\t<h3 class=\"blog-title\"><a href=\"https:\/\/gruenlandschule.de\/wordpress\/blog-post\/ausflug-ins-theater\/\" rel=\"bookmark\">Ausflug ins Theater<\/a><\/h3>\n\t\t\t\t\t\t\t\t\t\t\t\t<div class=\"blog-content-excerpt\">\n\t\t\t\t\t\t\t\t\t\t\t\t\t\t\t<p class=\"blog-short-content\">Mitten in der Adventszeit ging es traditionell endlich wieder f\u00fcr die ganze Gr\u00fcnlandschule ins Theater nach Heilbronn. Alle Kinder waren schon auf der Hinfahrt sehr aufgeregt und freuten sich auf...<\/p>\n\t\t\t\t\t\t\t\t<a href=\"https:\/\/gruenlandschule.de\/wordpress\/blog-post\/ausflug-ins-theater\/\" class=\"blog-more-link\"> Lesen Sie weiter<\/a>\n\t\t\t\t\t\t\t\t\t\t\t\t\t<\/div>\n\t\t\t\t\t\t\t\t\t\t\t<\/div>\n\t\t\t\t<\/div>\n\t\t\t<\/div>\n\t\t<\/div>\n\t\t\t\t<div id=\"post-1660\" class=\"blog type-blog blog-clearfix wpbaw-blog-class blog-col-0 has-date has-thumb\">\n\t\t\t<div class=\"blog-inner-wrap-view blog-clearfix\">\n\t\t\t\t\t\t\t\t\t<div class=\"blog-thumb\">\n\t\t\t\t\t\t<div class=\"grid-blog-thumb\">\n\t\t\t\t\t\t\t<a href=\"https:\/\/gruenlandschule.de\/wordpress\/blog-post\/adventssingen-in-der-vorweihnachtszeit\/\"><img decoding=\"async\" class=\"wpbaw-blog-img\" src=\"https:\/\/gruenlandschule.de\/wordpress\/wp-content\/uploads\/2022\/12\/adventssingen-1024x768.jpg\" alt=\"Adventssingen in der Vorweihnachtszeit\"\/><\/a>\n\t\t\t\t\t\t<\/div>\n\t\t\t\t\t<\/div>\n\t\t\t\t\n\t\t\t\t<div class=\"blog-content\">\n\t\t\t\t\t\t\t\t\t\t\t\t<div class=\"blog-author\">\n\t\t\t\t\t\t\t\t\t\t\t\t\t\t\t\t\t<span>\n\t\t\t\t\t\t\t\t\t\tvon <a href=\"https:\/\/gruenlandschule.de\/wordpress\/author\/admindoris\/\" target=\"_self\">Doris<\/a>\n\t\t\t\t\t\t\t\t\t<\/span>\n\t\t\t\t\t\t\t\t \/ 10. Dezember 2022\t\t\t\t\t\t\t<\/div>\n\t\t\t\t\t\t\n\t\t\t\t\t<div class=\"post-content-text\">\n\t\t\t\t\t\t\t\t\t\t\t\t<h3 class=\"blog-title\"><a href=\"https:\/\/gruenlandschule.de\/wordpress\/blog-post\/adventssingen-in-der-vorweihnachtszeit\/\" rel=\"bookmark\">Adventssingen in der Vorweihnachtszeit<\/a><\/h3>\n\t\t\t\t\t\t\t\t\t\t\t\t<div class=\"blog-content-excerpt\">\n\t\t\t\t\t\t\t\t\t\t\t\t\t\t\t<p class=\"blog-short-content\">Montags in der Adventszeit, zu Beginn des Schultages, treffen sich wieder alle Kinder und Lehrkr\u00e4fte auf dem Schulhof um den glitzernden Weihnachtsbaum, welcher zuvor, wie jedes Jahr, von den Kindern...<\/p>\n\t\t\t\t\t\t\t\t<a href=\"https:\/\/gruenlandschule.de\/wordpress\/blog-post\/adventssingen-in-der-vorweihnachtszeit\/\" class=\"blog-more-link\"> Lesen Sie weiter<\/a>\n\t\t\t\t\t\t\t\t\t\t\t\t\t<\/div>\n\t\t\t\t\t\t\t\t\t\t\t<\/div>\n\t\t\t\t<\/div>\n\t\t\t<\/div>\n\t\t<\/div>\n\t\t\t\t<div id=\"post-1653\" class=\"blog type-blog blog-clearfix wpbaw-blog-class blog-col-0 has-date has-thumb\">\n\t\t\t<div class=\"blog-inner-wrap-view blog-clearfix\">\n\t\t\t\t\t\t\t\t\t<div class=\"blog-thumb\">\n\t\t\t\t\t\t<div class=\"grid-blog-thumb\">\n\t\t\t\t\t\t\t<a href=\"https:\/\/gruenlandschule.de\/wordpress\/blog-post\/transfer-von-sprachbildung-lese-und-schreibfoerderung-biss-transfer\/\"><img decoding=\"async\" class=\"wpbaw-blog-img\" src=\"https:\/\/gruenlandschule.de\/wordpress\/wp-content\/uploads\/2022\/12\/biss_logo-1024x1024.jpg\" alt=\"Transfer von Sprachbildung, Lese- und Schreibf\u00f6rderung (BiSS-Transfer)\"\/><\/a>\n\t\t\t\t\t\t<\/div>\n\t\t\t\t\t<\/div>\n\t\t\t\t\n\t\t\t\t<div class=\"blog-content\">\n\t\t\t\t\t\t\t\t\t\t\t\t<div class=\"blog-author\">\n\t\t\t\t\t\t\t\t\t\t\t\t\t\t\t\t\t<span>\n\t\t\t\t\t\t\t\t\t\tvon <a href=\"https:\/\/gruenlandschule.de\/wordpress\/author\/admindoris\/\" target=\"_self\">Doris<\/a>\n\t\t\t\t\t\t\t\t\t<\/span>\n\t\t\t\t\t\t\t\t \/ 7. Dezember 2022\t\t\t\t\t\t\t<\/div>\n\t\t\t\t\t\t\n\t\t\t\t\t<div class=\"post-content-text\">\n\t\t\t\t\t\t\t\t\t\t\t\t<h3 class=\"blog-title\"><a href=\"https:\/\/gruenlandschule.de\/wordpress\/blog-post\/transfer-von-sprachbildung-lese-und-schreibfoerderung-biss-transfer\/\" rel=\"bookmark\">Transfer von Sprachbildung, Lese- und Schreibf\u00f6rderung (BiSS-Transfer)<\/a><\/h3>\n\t\t\t\t\t\t\t\t\t\t\t\t<div class=\"blog-content-excerpt\">\n\t\t\t\t\t\t\t\t\t\t\t\t\t\t\t<p class=\"blog-short-content\">Nach der Pilotphase 2021\/2022 in den Regionalstellen Mannheim und Stuttgart f\u00e4llt mit der Kick-Off-Veranstaltung am 21.9.22 der Startschuss f\u00fcr den landesweiten Roll Out des Projektes BiSS-Transfer in Baden-W\u00fcrttemberg, das zum...<\/p>\n\t\t\t\t\t\t\t\t<a href=\"https:\/\/gruenlandschule.de\/wordpress\/blog-post\/transfer-von-sprachbildung-lese-und-schreibfoerderung-biss-transfer\/\" class=\"blog-more-link\"> Lesen Sie weiter<\/a>\n\t\t\t\t\t\t\t\t\t\t\t\t\t<\/div>\n\t\t\t\t\t\t\t\t\t\t\t<\/div>\n\t\t\t\t<\/div>\n\t\t\t<\/div>\n\t\t<\/div>\n\t\t\t<\/div>\n\t\n\t\t<div class=\"blog_pagination blog-clearfix wpbaw-numeric\">\n\t\t<span aria-current=\"page\" class=\"page-numbers current\">1<\/span>\n<a class=\"page-numbers\" href=\"https:\/\/gruenlandschule.de\/wordpress\/wp-json\/wp\/v2\/pages\/2\/page\/2\/#wpbaw-blog-1\">2<\/a>\n<a class=\"page-numbers\" href=\"https:\/\/gruenlandschule.de\/wordpress\/wp-json\/wp\/v2\/pages\/2\/page\/3\/#wpbaw-blog-1\">3<\/a>\n<span class=\"page-numbers dots\">&hellip;<\/span>\n<a class=\"page-numbers\" href=\"https:\/\/gruenlandschule.de\/wordpress\/wp-json\/wp\/v2\/pages\/2\/page\/21\/#wpbaw-blog-1\">21<\/a>\n<a class=\"next page-numbers\" href=\"https:\/\/gruenlandschule.de\/wordpress\/wp-json\/wp\/v2\/pages\/2\/page\/2\/#wpbaw-blog-1\">Next &raquo;<\/a>\t<\/div>\n\t[\/vc_column_text][\/vc_column][vc_column width=&#8220;1\/6&#8243; css=&#8220;.vc_custom_1543493808394{margin-bottom: 0px !important;}&#8220;][vc_single_image image=&#8220;199&#8243; img_size=&#8220;full&#8220; css=&#8220;.vc_custom_1543494211735{margin-bottom: 0px !important;}&#8220; el_id=&#8220;kurzmessage_header&#8220;][vc_column_text css=&#8220;.vc_custom_1572273525578{padding-right: 10px !important;padding-left: 10px !important;background-color: #dcefef !important;}&#8220; el_id=&#8220;kurzmessage_content&#8220;]<strong><br \/>\n<a href=\"http:\/\/gruenlandschule.de\/wordpress\/wp-content\/uploads\/2022\/09\/Beurlaubung_Formular_2022.pdf\" target=\"_blank\" rel=\"noopener noreferrer\">Antrag auf Beurlaubung<\/a>\u00a0<\/strong><\/p>\n<p>Wir haben ein Formular, falls eine Beurlaubung beantragt werden soll. Dieses k\u00f6nnen Sie sich <a href=\"http:\/\/gruenlandschule.de\/wordpress\/wp-content\/uploads\/2022\/09\/Beurlaubung_Formular_2022.pdf\" target=\"_blank\" rel=\"noopener noreferrer\">hier<\/a> herunterladen.<\/p>\n<p>&nbsp;<\/p>\n<hr \/>\n<p>&nbsp;<\/p>\n<p><strong>Als Geschenkidee zur Einschulung &#8230;<\/strong><\/p>\n<p>&#8230; eignet sich wunderbar ein Schul-T-Shirt! Diese k\u00f6nnen Sie \u00fcber den Elternbeirat bestellen: <a href=\"mailto:elternvertreter@gruenlandschule.de\">elternvertreter@gruenlandschule.de<\/a><\/p>\n<p>&nbsp;<\/p>\n<hr \/>\n<p>[\/vc_column_text][\/vc_column][\/vc_row][vc_row][vc_column width=&#8220;1\/6&#8243;][\/vc_column][vc_column width=&#8220;1\/2&#8243;][\/vc_column][vc_column width=&#8220;1\/6&#8243;][\/vc_column][\/vc_row]<\/p>\n<\/div>","protected":false},"excerpt":{"rendered":"<p>[vc_row content_placement=&#8220;middle&#8220; css=&#8220;.vc_custom_1543393613435{background-color: #ffffff !important;}&#8220;][vc_column el_id=&#8220;bannerbild_startseite&#8220;][vc_single_image image=&#8220;47&#8243; img_size=&#8220;full&#8220; alignment=&#8220;center&#8220;][\/vc_column][\/vc_row][vc_row][vc_column width=&#8220;1\/6&#8243;][\/vc_column][vc_column width=&#8220;2\/3&#8243;][vc_column_text] [\/vc_column_text][\/vc_column][vc_column width=&#8220;1\/6&#8243;][\/vc_column][\/vc_row][vc_row][vc_column width=&#8220;1\/6&#8243;][\/vc_column][vc_column width=&#8220;1\/2&#8243;][vc_column_text] Die Gr\u00fcnlandschule sagt Hallo! Herzlich willkommen zu einem sch\u00f6nen und aufregenden Schuljahr bei uns. &nbsp; [\/vc_column_text][vc_column_text][\/vc_column_text][\/vc_column][vc_column width=&#8220;1\/6&#8243; css=&#8220;.vc_custom_1543493808394{margin-bottom: 0px !important;}&#8220;][vc_single_image image=&#8220;199&#8243; img_size=&#8220;full&#8220; css=&#8220;.vc_custom_1543494211735{margin-bottom: 0px !important;}&#8220;<\/p>\n","protected":false},"author":1,"featured_media":199,"parent":0,"menu_order":0,"comment_status":"closed","ping_status":"open","template":"","meta":{"footnotes":""},"class_list":["post-2","page","type-page","status-publish","has-post-thumbnail","hentry"],"_links":{"self":[{"href":"https:\/\/gruenlandschule.de\/wordpress\/wp-json\/wp\/v2\/pages\/2","targetHints":{"allow":["GET"]}}],"collection":[{"href":"https:\/\/gruenlandschule.de\/wordpress\/wp-json\/wp\/v2\/pages"}],"about":[{"href":"https:\/\/gruenlandschule.de\/wordpress\/wp-json\/wp\/v2\/types\/page"}],"author":[{"embeddable":true,"href":"https:\/\/gruenlandschule.de\/wordpress\/wp-json\/wp\/v2\/users\/1"}],"replies":[{"embeddable":true,"href":"https:\/\/gruenlandschule.de\/wordpress\/wp-json\/wp\/v2\/comments?post=2"}],"version-history":[{"count":161,"href":"https:\/\/gruenlandschule.de\/wordpress\/wp-json\/wp\/v2\/pages\/2\/revisions"}],"predecessor-version":[{"id":1622,"href":"https:\/\/gruenlandschule.de\/wordpress\/wp-json\/wp\/v2\/pages\/2\/revisions\/1622"}],"wp:featuredmedia":[{"embeddable":true,"href":"https:\/\/gruenlandschule.de\/wordpress\/wp-json\/wp\/v2\/media\/199"}],"wp:attachment":[{"href":"https:\/\/gruenlandschule.de\/wordpress\/wp-json\/wp\/v2\/media?parent=2"}],"curies":[{"name":"wp","href":"https:\/\/api.w.org\/{rel}","templated":true}]}}