{"id":18,"date":"2018-07-17T14:16:52","date_gmt":"2018-07-17T12:16:52","guid":{"rendered":"http:\/\/wp12927419.server-he.de\/gruenland\/?page_id=18"},"modified":"2019-02-15T08:49:22","modified_gmt":"2019-02-15T07:49:22","slug":"miteinander-arbeiten","status":"publish","type":"page","link":"https:\/\/gruenlandschule.de\/wordpress\/miteinander-arbeiten\/","title":{"rendered":"miteinander ARBEITEN"},"content":{"rendered":"<div class=\"wpb-content-wrapper\"><p>[vc_row][vc_column width=&#8220;1\/6&#8243;][\/vc_column][vc_column width=&#8220;2\/3&#8243;][vc_column_text]<div id=\"metaslider-id-370\" style=\"max-width: 1200px;\" class=\"ml-slider-3-105-0 metaslider metaslider-flex metaslider-370 ml-slider has-dots-nav ms-theme-default\" role=\"region\" aria-label=\"Miteinander Arbeiten\" data-height=\"450\" data-width=\"1200\">\n    <div id=\"metaslider_container_370\">\n        <div id=\"metaslider_370\">\n            <ul class='slides'>\n                <li style=\"display: block; width: 100%;\" class=\"slide-606 ms-image \" aria-roledescription=\"slide\" data-date=\"2019-02-04 18:20:26\" data-filename=\"schulfest_ausstellung_DWit-5117-1200x450.jpg\" data-slide-type=\"image\"><img loading=\"lazy\" decoding=\"async\" src=\"https:\/\/gruenlandschule.de\/wordpress\/wp-content\/uploads\/2019\/02\/schulfest_ausstellung_DWit-5117-1200x450.jpg\" height=\"450\" width=\"1200\" alt=\"\" class=\"slider-370 slide-606 msDefaultImage\" title=\"schulfest_ausstellung_DWit-5117\" \/><\/li>\n                <li style=\"display: none; width: 100%;\" class=\"slide-607 ms-image \" aria-roledescription=\"slide\" data-date=\"2019-02-04 18:20:26\" data-filename=\"schulfest_ausstellung_DWit-5113-1200x450.jpg\" data-slide-type=\"image\"><img loading=\"lazy\" decoding=\"async\" src=\"https:\/\/gruenlandschule.de\/wordpress\/wp-content\/uploads\/2019\/02\/schulfest_ausstellung_DWit-5113-1200x450.jpg\" height=\"450\" width=\"1200\" alt=\"\" class=\"slider-370 slide-607 msDefaultImage\" title=\"schulfest_ausstellung_DWit-5113\" \/><\/li>\n                <li style=\"display: none; width: 100%;\" class=\"slide-608 ms-image \" aria-roledescription=\"slide\" data-date=\"2019-02-04 18:20:26\" data-filename=\"osterbasteln_kind_MG_0256-1200x450.jpg\" data-slide-type=\"image\"><img loading=\"lazy\" decoding=\"async\" src=\"https:\/\/gruenlandschule.de\/wordpress\/wp-content\/uploads\/2019\/02\/osterbasteln_kind_MG_0256-1200x450.jpg\" height=\"450\" width=\"1200\" alt=\"\" class=\"slider-370 slide-608 msDefaultImage\" title=\"osterbasteln_kind_MG_0256\" \/><\/li>\n                <li style=\"display: none; width: 100%;\" class=\"slide-609 ms-image \" aria-roledescription=\"slide\" data-date=\"2019-02-04 18:20:26\" data-filename=\"Kirche_DWit-1599-1200x450.jpg\" data-slide-type=\"image\"><img loading=\"lazy\" decoding=\"async\" src=\"https:\/\/gruenlandschule.de\/wordpress\/wp-content\/uploads\/2019\/02\/Kirche_DWit-1599-1200x450.jpg\" height=\"450\" width=\"1200\" alt=\"\" class=\"slider-370 slide-609 msDefaultImage\" title=\"Kirche_DWit-1599\" \/><\/li>\n                <li style=\"display: none; width: 100%;\" class=\"slide-610 ms-image \" aria-roledescription=\"slide\" data-date=\"2019-02-04 18:20:26\" data-filename=\"Buju18-2-1200x450.jpg\" data-slide-type=\"image\"><img loading=\"lazy\" decoding=\"async\" src=\"https:\/\/gruenlandschule.de\/wordpress\/wp-content\/uploads\/2018\/11\/Buju18-2-1200x450.jpg\" height=\"450\" width=\"1200\" alt=\"\" class=\"slider-370 slide-610 msDefaultImage\" title=\"Buju18-2\" \/><\/li>\n            <\/ul>\n        <\/div>\n        \n    <\/div>\n<\/div>[\/vc_column_text][\/vc_column][vc_column width=&#8220;1\/6&#8243;][\/vc_column][\/vc_row][vc_row][vc_column width=&#8220;1\/6&#8243;][\/vc_column][vc_column width=&#8220;2\/3&#8243;][vc_column_text]<\/p>\n<h1>Besinnung auf Wesentliches<\/h1>\n<p><strong>Wichtig ist f\u00fcr uns die ganzheitliche Entwicklung des Kindes:<\/strong><\/p>\n<ul>\n<li>Lernen mit allen Sinnen<\/li>\n<li>intensive und genaue Auseinandersetzung mit Lerninhalten<\/li>\n<li>individuelles \u00dcben<\/li>\n<li>entwickelndes Lernen<\/li>\n<li>den handelnden Umgang mit dem Lerngegenstand<\/li>\n<li>Lernen nach Interessen der Kinder<\/li>\n<li>f\u00e4cherverbindendes Lernen<\/li>\n<\/ul>\n<p><strong>Wir nehmen uns Zeit:<\/strong><\/p>\n<ul>\n<li>f\u00fcr die Rhythmisieren des Schulvormittags<\/li>\n<li>f\u00fcr Besinnung und Mu\u00dfe<\/li>\n<li>f\u00fcr eine gr\u00fcndliche Auseinandersetzung mit einzelnen Unterrichtsthemen<\/li>\n<li>f\u00fcr Entspannung und Ruhe<\/li>\n<li>f\u00fcr jedes einzelne Kind<\/li>\n<li>f\u00fcr Feste und Feiern<\/li>\n<\/ul>\n<p><strong>Arbeiten will gelernt sein.<\/strong><\/p>\n<p>&nbsp;<\/p>\n<p>&#8212;&#8212;&#8212;&#8212;&#8212;&#8212;&#8212;&#8212;&#8212;&#8212;&#8212;&#8212;&#8212;&#8212;&#8211;<\/p>\n<h1>&#8222;Gesetze des Schulerfolgs&#8220; \u2013 Themenelternabende<\/h1>\n<p>seit 2016\/17: Angelehnt an das Konzept von Adolf Timm veranstalten wir f\u00fcr Eltern der neuen Erstkl\u00e4ssler und interessierte Eltern der anderen Klassen drei Elternabende. Kern der Elternabende ist, die Erziehungsarbeit zu unterst\u00fctzen und die Bedeutung der h\u00e4uslichen Erziehung f\u00fcr den Schulerfolges zu verdeutlichen. Die drei Module liegen in mehr als zwanzig verschiedenen Sprachen vor.<\/p>\n<p>&nbsp;<\/p>\n<p>[\/vc_column_text][\/vc_column][vc_column width=&#8220;1\/6&#8243;][\/vc_column][\/vc_row][vc_row][vc_column width=&#8220;1\/6&#8243;][\/vc_column][vc_column width=&#8220;2\/3&#8243;][\/vc_column][vc_column width=&#8220;1\/6&#8243;][\/vc_column][\/vc_row][vc_row][vc_column][vc_column_text]<!--?php echo do_shortcode('[metaslider id=\"370\"]'); ?-->[\/vc_column_text][\/vc_column][\/vc_row]<\/p>\n<\/div>","protected":false},"excerpt":{"rendered":"<p>[vc_row][vc_column width=&#8220;1\/6&#8243;][\/vc_column][vc_column width=&#8220;2\/3&#8243;][vc_column_text][\/vc_column_text][\/vc_column][vc_column width=&#8220;1\/6&#8243;][\/vc_column][\/vc_row][vc_row][vc_column width=&#8220;1\/6&#8243;][\/vc_column][vc_column width=&#8220;2\/3&#8243;][vc_column_text] Besinnung auf Wesentliches Wichtig ist f\u00fcr uns die ganzheitliche Entwicklung des Kindes: Lernen mit allen Sinnen intensive und genaue Auseinandersetzung mit Lerninhalten individuelles \u00dcben entwickelndes Lernen den handelnden Umgang mit dem Lerngegenstand Lernen nach<\/p>\n","protected":false},"author":1,"featured_media":0,"parent":0,"menu_order":0,"comment_status":"closed","ping_status":"closed","template":"","meta":{"footnotes":""},"class_list":["post-18","page","type-page","status-publish","hentry"],"_links":{"self":[{"href":"https:\/\/gruenlandschule.de\/wordpress\/wp-json\/wp\/v2\/pages\/18","targetHints":{"allow":["GET"]}}],"collection":[{"href":"https:\/\/gruenlandschule.de\/wordpress\/wp-json\/wp\/v2\/pages"}],"about":[{"href":"https:\/\/gruenlandschule.de\/wordpress\/wp-json\/wp\/v2\/types\/page"}],"author":[{"embeddable":true,"href":"https:\/\/gruenlandschule.de\/wordpress\/wp-json\/wp\/v2\/users\/1"}],"replies":[{"embeddable":true,"href":"https:\/\/gruenlandschule.de\/wordpress\/wp-json\/wp\/v2\/comments?post=18"}],"version-history":[{"count":40,"href":"https:\/\/gruenlandschule.de\/wordpress\/wp-json\/wp\/v2\/pages\/18\/revisions"}],"predecessor-version":[{"id":858,"href":"https:\/\/gruenlandschule.de\/wordpress\/wp-json\/wp\/v2\/pages\/18\/revisions\/858"}],"wp:attachment":[{"href":"https:\/\/gruenlandschule.de\/wordpress\/wp-json\/wp\/v2\/media?parent=18"}],"curies":[{"name":"wp","href":"https:\/\/api.w.org\/{rel}","templated":true}]}}