{"id":123,"date":"2018-11-22T09:38:01","date_gmt":"2018-11-22T08:38:01","guid":{"rendered":"http:\/\/wp12927419.server-he.de\/gruenland\/?page_id=123"},"modified":"2020-10-26T09:56:20","modified_gmt":"2020-10-26T08:56:20","slug":"foerderung","status":"publish","type":"page","link":"https:\/\/gruenlandschule.de\/wordpress\/miteinander-lernen\/foerderung\/","title":{"rendered":"F\u00f6rderung"},"content":{"rendered":"<div class=\"wpb-content-wrapper\"><p>[vc_row][vc_column width=&#8220;1\/6&#8243;][\/vc_column][vc_column width=&#8220;2\/3&#8243;][vc_column_text]<strong>Lernen im Unterricht bedeutet auch st\u00e4ndige F\u00f6rderung.\u00a0Besonderen Wert legen wir auf regelm\u00e4\u00dfige Diagnosearbeiten in Deutsch und Mathematik, die den Lernstand aufzeigen und zu f\u00f6rdernde Bereiche ausweisen.\u00a0Besonders in den PerLe-Stunden k\u00f6nnen die Kinder an diesen Bereichen \u00fcben und dazu lernen.<\/strong><\/p>\n<p>Wir f\u00f6rdern in Grundlagenbereichen im Fach Deutsch und Mathematik und setzen dabei so viele Lehrerstunden wie m\u00f6glich ein. Durch \u00dcbungen der exekutiven Funktionen f\u00f6rdern wir regelm\u00e4\u00dfig\u00a0 unter anderem\u00a0Arbeitshaltung und Lernverhalten, um durch eine konzentrierte Arbeitsathmosph\u00e4re jedem Kind die M\u00f6glichkeit geben zu k\u00f6nnen, an seiner Aufgabe zu arbeiten.<\/p>\n<p>Wir f\u00f6rdern Lernstrategien und Arbeitstechniken um das Kind in die Lage zu versetzen, selbstst\u00e4ndig zu lernen.\u00a0Unser Lerntagebuch &#8218;Mein gr\u00fcner Faden&#8216; hilft den Kindern auf praktische Art und Weise auf diesem Weg.\u00a0[\/vc_column_text][\/vc_column][vc_column width=&#8220;1\/6&#8243;][\/vc_column][\/vc_row]<\/p>\n<\/div>","protected":false},"excerpt":{"rendered":"<p>[vc_row][vc_column width=&#8220;1\/6&#8243;][\/vc_column][vc_column width=&#8220;2\/3&#8243;][vc_column_text]Lernen im Unterricht bedeutet auch st\u00e4ndige F\u00f6rderung.\u00a0Besonderen Wert legen wir auf regelm\u00e4\u00dfige Diagnosearbeiten in Deutsch und Mathematik, die den Lernstand aufzeigen und zu f\u00f6rdernde Bereiche ausweisen.\u00a0Besonders in den PerLe-Stunden k\u00f6nnen die Kinder an diesen Bereichen \u00fcben und dazu<\/p>\n","protected":false},"author":1,"featured_media":197,"parent":16,"menu_order":0,"comment_status":"closed","ping_status":"closed","template":"","meta":{"footnotes":""},"class_list":["post-123","page","type-page","status-publish","has-post-thumbnail","hentry"],"_links":{"self":[{"href":"https:\/\/gruenlandschule.de\/wordpress\/wp-json\/wp\/v2\/pages\/123","targetHints":{"allow":["GET"]}}],"collection":[{"href":"https:\/\/gruenlandschule.de\/wordpress\/wp-json\/wp\/v2\/pages"}],"about":[{"href":"https:\/\/gruenlandschule.de\/wordpress\/wp-json\/wp\/v2\/types\/page"}],"author":[{"embeddable":true,"href":"https:\/\/gruenlandschule.de\/wordpress\/wp-json\/wp\/v2\/users\/1"}],"replies":[{"embeddable":true,"href":"https:\/\/gruenlandschule.de\/wordpress\/wp-json\/wp\/v2\/comments?post=123"}],"version-history":[{"count":11,"href":"https:\/\/gruenlandschule.de\/wordpress\/wp-json\/wp\/v2\/pages\/123\/revisions"}],"predecessor-version":[{"id":1414,"href":"https:\/\/gruenlandschule.de\/wordpress\/wp-json\/wp\/v2\/pages\/123\/revisions\/1414"}],"up":[{"embeddable":true,"href":"https:\/\/gruenlandschule.de\/wordpress\/wp-json\/wp\/v2\/pages\/16"}],"wp:featuredmedia":[{"embeddable":true,"href":"https:\/\/gruenlandschule.de\/wordpress\/wp-json\/wp\/v2\/media\/197"}],"wp:attachment":[{"href":"https:\/\/gruenlandschule.de\/wordpress\/wp-json\/wp\/v2\/media?parent=123"}],"curies":[{"name":"wp","href":"https:\/\/api.w.org\/{rel}","templated":true}]}}