{"id":117,"date":"2018-11-22T09:12:26","date_gmt":"2018-11-22T08:12:26","guid":{"rendered":"http:\/\/wp12927419.server-he.de\/gruenland\/?page_id=117"},"modified":"2021-11-03T10:24:12","modified_gmt":"2021-11-03T09:24:12","slug":"betreuung-und-ags","status":"publish","type":"page","link":"https:\/\/gruenlandschule.de\/wordpress\/miteinander-arbeiten\/betreuung-und-ags\/","title":{"rendered":"Betreuung und AGs"},"content":{"rendered":"<div class=\"wpb-content-wrapper\"><p>[vc_row][vc_column width=&#8220;1\/6&#8243;][\/vc_column][vc_column width=&#8220;2\/3&#8243;][vc_column_text]\u00dcber unseren Stundenplan hinaus haben wir ein vielseitiges Betreuungsangebot f\u00fcr den ganz unterschiedlichen Bedarf der Kinder und Familien.<\/p>\n<p>&nbsp;<\/p>\n<h1>Betreuungszeiten<\/h1>\n<p><strong>Bedarfsorientierte Kernzeitenbetreuung<\/strong><\/p>\n<p>Mo \u2013 Fr \u00a0 7.30 \u2013 13.30 Uhr<\/p>\n<p>Unsere qualifizierten Kernzeitenbetreuerinnen sind:<\/p>\n<p>Frau Gauer, Frau Tampe und Frau Reichert, Frau Sanden, Frau G\u00f6ttfert<\/p>\n<p><strong>Hier finden Sie die <a href=\"https:\/\/www.freiberg-an.de\/fileadmin\/Dateien\/Dateien\/Fachbereich_1\/Grundschulen\/Gebuehrenordnung_Kernzeitbetreuung_03.11.2020.pdf\" target=\"_blank\" rel=\"noopener noreferrer\">Geb\u00fchrenordnung der Kernzeitenbetreuung<\/a><\/strong><\/p>\n<p>&nbsp;<\/p>\n<p><strong>Ganztagesangebot<\/strong><\/p>\n<p>Mo \u2013 Fr \u00a0 7.00 \u2013 17.00 Uhr<\/p>\n<p>Unsere qualifizierten Ganztagesbetreuerinnen sind:<\/p>\n<p>Frau Theurer, Frau B\u00e4hr, Frau Wied, Frau Zimmermann, Frau Br\u00fcgmann<\/p>\n<p><strong>Hier finden Sie die\u00a0<a href=\"https:\/\/www.freiberg-an.de\/fileadmin\/Dateien\/Dateien\/Fachbereich_1\/Grundschulen\/Gebuehrenordnung_Ganztagesbetreuung_an_Freiberger_Grundschulen.pdf\" target=\"_blank\" rel=\"noopener noreferrer\">Geb\u00fchrenordnung der Ganztagesbetreuung<\/a><\/strong><\/p>\n<p>&nbsp;<\/p>\n<p>Beide Betreuungsangebote werden organisiert von die Stadtverwaltung Freiberg.<\/p>\n<p>N\u00e4here Infos erhalten Sie im Sekretariat unter Telefon 07141 \/ 7 10 32 oder per E-Mail:\u00a0info@gruenlandschule.de oder <a href=\"https:\/\/www.freiberg-an.de\/de\/bildung-betreuung-soziales\/schulen-angebote-fuer-schueler\/ganztages-kernzeitbetreuung\" target=\"_blank\" rel=\"noopener noreferrer\">auf der Website der Stadt Freiberg.<\/a><\/p>\n<p>&nbsp;<\/p>\n<h1>Hausaufgabenbetreuung<\/h1>\n<p>Mo, Mi und Do \u00a014.00 \u2013 15.00 Uhr mit Festanmeldung.<\/p>\n<p>Die Hausaufgabenbetreuung erfolgt durch qualifizierte Betreuer. Verbindliche Anmeldung \u00fcber das Sekretariat, Telefon 07141 \/ 7 10 32, E-Mail: info@gruenlandschule.de<\/p>\n<p>&nbsp;<\/p>\n<h1>Arbeitsgemeinschaften (AGs)<\/h1>\n<p>Die AGs finden in der Regel montags in der 6. Stunde statt.\u00a0 Dreimal pro Schuljahr k\u00f6nnen Kinder ab Klasse 2 ein AG-Angebot f\u00fcr zehn Wochen ausw\u00e4hlen. Diese Angebote sind freiwillig. Die Zusage daf\u00fcr verpflichtet zur regelm\u00e4\u00dfigen Teilnahme. Bei Krankheit ist eine Entschuldigung erforderlich.<\/p>\n<p>Unsere AGs werden von engagierten Eltern, Freunden der Schule und \u00dcbungsleiter unserer Kooperationspartner angeboten.<\/p>\n<p>In jedem Schuljahr findet eine AG- Feier statt, an der alle Sch\u00fcler beteiligt sind.<\/p>\n<p>&nbsp;<\/p>\n<p>[\/vc_column_text][\/vc_column][vc_column width=&#8220;1\/6&#8243;][\/vc_column][\/vc_row]<\/p>\n<\/div>","protected":false},"excerpt":{"rendered":"<p>[vc_row][vc_column width=&#8220;1\/6&#8243;][\/vc_column][vc_column width=&#8220;2\/3&#8243;][vc_column_text]\u00dcber unseren Stundenplan hinaus haben wir ein vielseitiges Betreuungsangebot f\u00fcr den ganz unterschiedlichen Bedarf der Kinder und Familien. &nbsp; Betreuungszeiten Bedarfsorientierte Kernzeitenbetreuung Mo \u2013 Fr \u00a0 7.30 \u2013 13.30 Uhr Unsere qualifizierten Kernzeitenbetreuerinnen sind: Frau Gauer, Frau Tampe<\/p>\n","protected":false},"author":1,"featured_media":0,"parent":18,"menu_order":0,"comment_status":"closed","ping_status":"closed","template":"","meta":{"footnotes":""},"class_list":["post-117","page","type-page","status-publish","hentry"],"_links":{"self":[{"href":"https:\/\/gruenlandschule.de\/wordpress\/wp-json\/wp\/v2\/pages\/117","targetHints":{"allow":["GET"]}}],"collection":[{"href":"https:\/\/gruenlandschule.de\/wordpress\/wp-json\/wp\/v2\/pages"}],"about":[{"href":"https:\/\/gruenlandschule.de\/wordpress\/wp-json\/wp\/v2\/types\/page"}],"author":[{"embeddable":true,"href":"https:\/\/gruenlandschule.de\/wordpress\/wp-json\/wp\/v2\/users\/1"}],"replies":[{"embeddable":true,"href":"https:\/\/gruenlandschule.de\/wordpress\/wp-json\/wp\/v2\/comments?post=117"}],"version-history":[{"count":27,"href":"https:\/\/gruenlandschule.de\/wordpress\/wp-json\/wp\/v2\/pages\/117\/revisions"}],"predecessor-version":[{"id":1553,"href":"https:\/\/gruenlandschule.de\/wordpress\/wp-json\/wp\/v2\/pages\/117\/revisions\/1553"}],"up":[{"embeddable":true,"href":"https:\/\/gruenlandschule.de\/wordpress\/wp-json\/wp\/v2\/pages\/18"}],"wp:attachment":[{"href":"https:\/\/gruenlandschule.de\/wordpress\/wp-json\/wp\/v2\/media?parent=117"}],"curies":[{"name":"wp","href":"https:\/\/api.w.org\/{rel}","templated":true}]}}